{"id":6872,"date":"2026-03-31T02:10:22","date_gmt":"2026-03-30T18:10:22","guid":{"rendered":"https:\/\/tkmr723.moe\/?page_id=6872"},"modified":"2026-04-02T14:43:33","modified_gmt":"2026-04-02T06:43:33","slug":"movie-voice-over","status":"publish","type":"page","link":"https:\/\/tkmr723.moe\/fr\/movie-voice-over\/","title":{"rendered":"R\u00f4les de doublage dans les films"},"content":{"rendered":"<div data-elementor-type=\"wp-page\" data-elementor-id=\"6872\" class=\"elementor elementor-6872\" data-elementor-settings=\"{&quot;element_pack_global_tooltip_width&quot;:{&quot;unit&quot;:&quot;px&quot;,&quot;size&quot;:&quot;&quot;,&quot;sizes&quot;:[]},&quot;element_pack_global_tooltip_width_tablet&quot;:{&quot;unit&quot;:&quot;px&quot;,&quot;size&quot;:&quot;&quot;,&quot;sizes&quot;:[]},&quot;element_pack_global_tooltip_width_mobile&quot;:{&quot;unit&quot;:&quot;px&quot;,&quot;size&quot;:&quot;&quot;,&quot;sizes&quot;:[]},&quot;element_pack_global_tooltip_padding&quot;:{&quot;unit&quot;:&quot;px&quot;,&quot;top&quot;:&quot;&quot;,&quot;right&quot;:&quot;&quot;,&quot;bottom&quot;:&quot;&quot;,&quot;left&quot;:&quot;&quot;,&quot;isLinked&quot;:true},&quot;element_pack_global_tooltip_padding_tablet&quot;:{&quot;unit&quot;:&quot;px&quot;,&quot;top&quot;:&quot;&quot;,&quot;right&quot;:&quot;&quot;,&quot;bottom&quot;:&quot;&quot;,&quot;left&quot;:&quot;&quot;,&quot;isLinked&quot;:true},&quot;element_pack_global_tooltip_padding_mobile&quot;:{&quot;unit&quot;:&quot;px&quot;,&quot;top&quot;:&quot;&quot;,&quot;right&quot;:&quot;&quot;,&quot;bottom&quot;:&quot;&quot;,&quot;left&quot;:&quot;&quot;,&quot;isLinked&quot;:true},&quot;element_pack_global_tooltip_border_radius&quot;:{&quot;unit&quot;:&quot;px&quot;,&quot;top&quot;:&quot;&quot;,&quot;right&quot;:&quot;&quot;,&quot;bottom&quot;:&quot;&quot;,&quot;left&quot;:&quot;&quot;,&quot;isLinked&quot;:true},&quot;element_pack_global_tooltip_border_radius_tablet&quot;:{&quot;unit&quot;:&quot;px&quot;,&quot;top&quot;:&quot;&quot;,&quot;right&quot;:&quot;&quot;,&quot;bottom&quot;:&quot;&quot;,&quot;left&quot;:&quot;&quot;,&quot;isLinked&quot;:true},&quot;element_pack_global_tooltip_border_radius_mobile&quot;:{&quot;unit&quot;:&quot;px&quot;,&quot;top&quot;:&quot;&quot;,&quot;right&quot;:&quot;&quot;,&quot;bottom&quot;:&quot;&quot;,&quot;left&quot;:&quot;&quot;,&quot;isLinked&quot;:true}}\" data-elementor-post-type=\"page\">\n\t\t\t\t\t\t<section data-exad-particle-enable=\"false\" class=\"elementor-section elementor-top-section elementor-element elementor-element-fa91032 elementor-section-boxed elementor-section-height-default elementor-section-height-default exad-parallax-effect-no exad-background-color-change-no exad-glass-effect-no exad-sticky-section-no\" data-id=\"fa91032\" data-element_type=\"section\" data-e-type=\"section\">\n\t\t\t\t\t\t<div class=\"elementor-container elementor-column-gap-default\">\n\t\t\t\t\t<div class=\"elementor-column elementor-col-100 elementor-top-column elementor-element elementor-element-4856ef0 exad-glass-effect-no exad-sticky-section-no\" data-id=\"4856ef0\" data-element_type=\"column\" data-e-type=\"column\">\n\t\t\t<div class=\"elementor-widget-wrap elementor-element-populated\">\n\t\t\t\t\t\t<div class=\"elementor-element elementor-element-606d8ba exad-sticky-section-no exad-glass-effect-no elementor-widget elementor-widget-bdt-advanced-heading\" data-id=\"606d8ba\" data-element_type=\"widget\" data-e-type=\"widget\" data-widget_type=\"bdt-advanced-heading.default\">\n\t\t\t\t<div class=\"elementor-widget-container\">\n\t\t\t\t\t<div id =\"606d8ba\" class=\"bdt-ep-advanced-heading\" data-settings=\"{&quot;titleMultiColor&quot;:&quot;no&quot;}\"><div class=\"bdt-ep-advanced-heading-content\"><div class=\"bdt-transform-origin-top-left\">R\u00f4le<\/div><\/div><h2 class=\"bdt-ep-advanced-heading-title\"><span class=\"bdt-ep-advanced-heading-main-title\"><span class=\"bdt-ep-advanced-heading-main-title-inner\"><b>Doublage de film<\/b><\/span><span class=\"line bdt-button-icon-align-bottom\"><\/span><\/span><\/h2><\/div>\t\t\t\t<\/div>\n\t\t\t\t<\/div>\n\t\t\t\t<div class=\"elementor-element elementor-element-d7fc03f exad-sticky-section-no exad-glass-effect-no elementor-widget elementor-widget-heading\" data-id=\"d7fc03f\" data-element_type=\"widget\" data-e-type=\"widget\" data-widget_type=\"heading.default\">\n\t\t\t\t<div class=\"elementor-widget-container\">\n\t\t\t\t\t<h3 class=\"elementor-heading-title elementor-size-default\">2019<\/h3>\t\t\t\t<\/div>\n\t\t\t\t<\/div>\n\t\t\t\t<div class=\"elementor-element elementor-element-7582378 uael-img-grid__column-4 uael-img-grid-tablet__column-3 uael-img-grid-mobile__column-2 uael-ins-normal uael-img-caption-valign-bottom exad-sticky-section-no exad-glass-effect-no elementor-widget elementor-widget-uael-image-gallery\" data-id=\"7582378\" data-element_type=\"widget\" data-e-type=\"widget\" data-settings=\"{&quot;gallery_columns&quot;:&quot;4&quot;,&quot;gallery_columns_tablet&quot;:&quot;3&quot;,&quot;gallery_columns_mobile&quot;:&quot;2&quot;,&quot;column_gap&quot;:{&quot;unit&quot;:&quot;px&quot;,&quot;size&quot;:20,&quot;sizes&quot;:[]},&quot;column_gap_tablet&quot;:{&quot;unit&quot;:&quot;px&quot;,&quot;size&quot;:&quot;&quot;,&quot;sizes&quot;:[]},&quot;column_gap_mobile&quot;:{&quot;unit&quot;:&quot;px&quot;,&quot;size&quot;:&quot;&quot;,&quot;sizes&quot;:[]},&quot;row_gap&quot;:{&quot;unit&quot;:&quot;px&quot;,&quot;size&quot;:20,&quot;sizes&quot;:[]},&quot;row_gap_tablet&quot;:{&quot;unit&quot;:&quot;px&quot;,&quot;size&quot;:&quot;&quot;,&quot;sizes&quot;:[]},&quot;row_gap_mobile&quot;:{&quot;unit&quot;:&quot;px&quot;,&quot;size&quot;:&quot;&quot;,&quot;sizes&quot;:[]},&quot;images_valign&quot;:&quot;flex-start&quot;,&quot;caption_padding&quot;:{&quot;unit&quot;:&quot;px&quot;,&quot;top&quot;:&quot;&quot;,&quot;right&quot;:&quot;&quot;,&quot;bottom&quot;:&quot;&quot;,&quot;left&quot;:&quot;&quot;,&quot;isLinked&quot;:true},&quot;caption_padding_tablet&quot;:{&quot;unit&quot;:&quot;px&quot;,&quot;top&quot;:&quot;&quot;,&quot;right&quot;:&quot;&quot;,&quot;bottom&quot;:&quot;&quot;,&quot;left&quot;:&quot;&quot;,&quot;isLinked&quot;:true},&quot;caption_padding_mobile&quot;:{&quot;unit&quot;:&quot;px&quot;,&quot;top&quot;:&quot;&quot;,&quot;right&quot;:&quot;&quot;,&quot;bottom&quot;:&quot;&quot;,&quot;left&quot;:&quot;&quot;,&quot;isLinked&quot;:true}}\" data-widget_type=\"uael-image-gallery.default\">\n\t\t\t\t<div class=\"elementor-widget-container\">\n\t\t\t\t\t<div class=\"uael-gallery-parent uael-caption-on-hover uael-gallery-unjustified\"><div class=\"uael-img-gallery-wrap uael-img-grid-wrap uael-img-grid-masonry-wrap\" data-filter-default=\"All\"><div class=\"uael-grid-item  uael-img-gallery-item-1\"><div class=\"uael-grid-item-content\"><span class=\"uael-grid-img uael-grid-gallery-img uael-ins-hover elementor-clickable\" data-elementor-open-lightbox=\"no\"><div class=\"uael-grid-img-thumbnail uael-ins-target\"><img fetchpriority=\"high\" decoding=\"async\" width=\"1301\" height=\"1040\" src=\"https:\/\/tkmr723.moe\/wp-content\/uploads\/2025\/07\/\u30d9\u30c6\u30a3.jpg\" class=\"attachment-full size-full wp-image-6875\" alt=\"\" title=\"\" srcset=\"https:\/\/tkmr723.moe\/wp-content\/uploads\/2025\/07\/\u30d9\u30c6\u30a3.jpg 1301w, https:\/\/tkmr723.moe\/wp-content\/uploads\/2025\/07\/\u30d9\u30c6\u30a3-300x240.jpg 300w, https:\/\/tkmr723.moe\/wp-content\/uploads\/2025\/07\/\u30d9\u30c6\u30a3-1024x819.jpg 1024w, https:\/\/tkmr723.moe\/wp-content\/uploads\/2025\/07\/\u30d9\u30c6\u30a3-768x614.jpg 768w, https:\/\/tkmr723.moe\/wp-content\/uploads\/2025\/07\/\u30d9\u30c6\u30a3-15x12.jpg 15w\" sizes=\"(max-width: 1301px) 100vw, 1301px\" \/><figcaption class=\"uael-grid-img-content\"><div class=\"uael-grid-img-caption\"><h4 class=\"uael-grid-caption-text\">Betty Chuang \u00ab Sur le chemin du bonheur \u00bb (version japonaise)<\/h4><\/div><\/figcaption><\/div><div class=\"uael-grid-img-overlay\"><\/div><\/span><\/div><\/div><\/div><\/div>\t\t\t\t<\/div>\n\t\t\t\t<\/div>\n\t\t\t\t\t<\/div>\n\t\t<\/div>\n\t\t\t\t\t<\/div>\n\t\t<\/section>\n\t\t\t\t<\/div>","protected":false},"excerpt":{"rendered":"<p>R\u00f4le Doublage de film 2019 Zhuang Beidi \u00ab Sur le chemin du bonheur \u00bb (version japonaise)<\/p>","protected":false},"author":1,"featured_media":6875,"parent":0,"menu_order":0,"comment_status":"open","ping_status":"closed","template":"","meta":{"_uag_custom_page_level_css":"","_zb_attr":"","site-sidebar-layout":"no-sidebar","site-content-layout":"page-builder","ast-site-content-layout":"full-width-container","site-content-style":"default","site-sidebar-style":"default","ast-global-header-display":"","ast-banner-title-visibility":"","ast-main-header-display":"","ast-hfb-above-header-display":"","ast-hfb-below-header-display":"","ast-hfb-mobile-header-display":"","site-post-title":"disabled","ast-breadcrumbs-content":"","ast-featured-img":"disabled","footer-sml-layout":"","ast-disable-related-posts":"","theme-transparent-header-meta":"","adv-header-id-meta":"","stick-header-meta":"","header-above-stick-meta":"","header-main-stick-meta":"","header-below-stick-meta":"","astra-migrate-meta-layouts":"set","ast-page-background-enabled":"default","ast-page-background-meta":{"desktop":{"background-color":"","background-image":"","background-repeat":"repeat","background-position":"center center","background-size":"auto","background-attachment":"scroll","background-type":"","background-media":"","overlay-type":"","overlay-color":"","overlay-opacity":"","overlay-gradient":""},"tablet":{"background-color":"","background-image":"","background-repeat":"repeat","background-position":"center center","background-size":"auto","background-attachment":"scroll","background-type":"","background-media":"","overlay-type":"","overlay-color":"","overlay-opacity":"","overlay-gradient":""},"mobile":{"background-color":"","background-image":"","background-repeat":"repeat","background-position":"center center","background-size":"auto","background-attachment":"scroll","background-type":"","background-media":"","overlay-type":"","overlay-color":"","overlay-opacity":"","overlay-gradient":""}},"ast-content-background-meta":{"desktop":{"background-color":"var(--ast-global-color-5)","background-image":"","background-repeat":"repeat","background-position":"center center","background-size":"auto","background-attachment":"scroll","background-type":"","background-media":"","overlay-type":"","overlay-color":"","overlay-opacity":"","overlay-gradient":""},"tablet":{"background-color":"var(--ast-global-color-5)","background-image":"","background-repeat":"repeat","background-position":"center center","background-size":"auto","background-attachment":"scroll","background-type":"","background-media":"","overlay-type":"","overlay-color":"","overlay-opacity":"","overlay-gradient":""},"mobile":{"background-color":"var(--ast-global-color-5)","background-image":"","background-repeat":"repeat","background-position":"center center","background-size":"auto","background-attachment":"scroll","background-type":"","background-media":"","overlay-type":"","overlay-color":"","overlay-opacity":"","overlay-gradient":""}},"_vp_format_video_url":"","_vp_image_focal_point":[],"_vp_custom_popup_image":0,"_vp_format_audio_url":"","_vp_album_images":[],"_vp_custom_thumbnail":0,"_vp_custom_thumbnail_focal_point":[],"_vp_custom_thumbnail_cover":0,"_vp_hover_thumbnail":0,"_vp_hover_thumbnail_focal_point":[],"zolo_post_video_link":"","footnotes":""},"class_list":["post-6872","page","type-page","status-publish","has-post-thumbnail","hentry"],"uagb_featured_image_src":{"full":["https:\/\/tkmr723.moe\/wp-content\/uploads\/2025\/07\/\u30d9\u30c6\u30a3.jpg",1301,1040,false],"thumbnail":["https:\/\/tkmr723.moe\/wp-content\/uploads\/2025\/07\/\u30d9\u30c6\u30a3-150x150.jpg",150,150,true],"medium":["https:\/\/tkmr723.moe\/wp-content\/uploads\/2025\/07\/\u30d9\u30c6\u30a3-300x240.jpg",300,240,true],"medium_large":["https:\/\/tkmr723.moe\/wp-content\/uploads\/2025\/07\/\u30d9\u30c6\u30a3-768x614.jpg",768,614,true],"large":["https:\/\/tkmr723.moe\/wp-content\/uploads\/2025\/07\/\u30d9\u30c6\u30a3-1024x819.jpg",1024,819,true],"thumblist":["https:\/\/tkmr723.moe\/wp-content\/uploads\/2025\/07\/\u30d9\u30c6\u30a3-300x300.jpg",300,300,true],"thumbrelated":["https:\/\/tkmr723.moe\/wp-content\/uploads\/2025\/07\/\u30d9\u30c6\u30a3-500x500.jpg",500,500,true],"meccarouselthumb":["https:\/\/tkmr723.moe\/wp-content\/uploads\/2025\/07\/\u30d9\u30c6\u30a3-474x324.jpg",474,324,true],"gridsquare":["https:\/\/tkmr723.moe\/wp-content\/uploads\/2025\/07\/\u30d9\u30c6\u30a3-391x260.jpg",391,260,true],"tileview":["https:\/\/tkmr723.moe\/wp-content\/uploads\/2025\/07\/\u30d9\u30c6\u30a3-300x400.jpg",300,400,true],"1536x1536":["https:\/\/tkmr723.moe\/wp-content\/uploads\/2025\/07\/\u30d9\u30c6\u30a3.jpg",1301,1040,false],"2048x2048":["https:\/\/tkmr723.moe\/wp-content\/uploads\/2025\/07\/\u30d9\u30c6\u30a3.jpg",1301,1040,false],"trp-custom-language-flag":["https:\/\/tkmr723.moe\/wp-content\/uploads\/2025\/07\/\u30d9\u30c6\u30a3-15x12.jpg",15,12,true],"vp_sm":["https:\/\/tkmr723.moe\/wp-content\/uploads\/2025\/07\/\u30d9\u30c6\u30a3.jpg",500,400,false],"vp_md":["https:\/\/tkmr723.moe\/wp-content\/uploads\/2025\/07\/\u30d9\u30c6\u30a3.jpg",800,640,false],"vp_lg":["https:\/\/tkmr723.moe\/wp-content\/uploads\/2025\/07\/\u30d9\u30c6\u30a3.jpg",1280,1023,false],"vp_xl":["https:\/\/tkmr723.moe\/wp-content\/uploads\/2025\/07\/\u30d9\u30c6\u30a3.jpg",1301,1040,false],"vp_sm_popup":["https:\/\/tkmr723.moe\/wp-content\/uploads\/2025\/07\/\u30d9\u30c6\u30a3.jpg",500,400,false],"vp_md_popup":["https:\/\/tkmr723.moe\/wp-content\/uploads\/2025\/07\/\u30d9\u30c6\u30a3.jpg",800,640,false],"vp_xl_popup":["https:\/\/tkmr723.moe\/wp-content\/uploads\/2025\/07\/\u30d9\u30c6\u30a3.jpg",1301,1040,false]},"uagb_author_info":{"display_name":"admin","author_link":"https:\/\/tkmr723.moe\/fr\/author\/admin\/"},"uagb_comment_info":0,"uagb_excerpt":"\u89d2\u8272 \u96fb\u5f71\u914d\u97f3 2019 \u838a\u8c9d\u8482\u300a\u5e78\u798f\u8def\u4e0a\u300b\uff08\u65e5\u8a9e\u7248\uff09","jetpack_sharing_enabled":true,"jetpack-related-posts":[{"id":7152,"url":"https:\/\/tkmr723.moe\/fr\/roles\/","url_meta":{"origin":6872,"position":0},"title":"R\u00f4les interpr\u00e9t\u00e9s","author":"admin","date":"2025\u5e748\u670821\u65e5","format":false,"excerpt":"\u98fe\u6f14\u89d2\u8272 TV\u52d5\u756b https:\/\/tkmr723.moe\/tv-anime-2009-2013\/ \u2026","rel":"","context":"Article similaire","block_context":{"text":"Article similaire","link":""},"img":{"alt_text":"","src":"https:\/\/i0.wp.com\/tkmr723.moe\/wp-content\/uploads\/2025\/06\/char.jpg?resize=350%2C200&ssl=1","width":350,"height":200,"srcset":"https:\/\/i0.wp.com\/tkmr723.moe\/wp-content\/uploads\/2025\/06\/char.jpg?resize=350%2C200&ssl=1 1x, https:\/\/i0.wp.com\/tkmr723.moe\/wp-content\/uploads\/2025\/06\/char.jpg?resize=525%2C300&ssl=1 1.5x, https:\/\/i0.wp.com\/tkmr723.moe\/wp-content\/uploads\/2025\/06\/char.jpg?resize=700%2C400&ssl=1 2x"},"classes":[]},{"id":1190,"url":"https:\/\/tkmr723.moe\/fr\/","url_meta":{"origin":6872,"position":1},"title":"Page d'accueil","author":"admin","date":"2025\u5e746\u670825\u65e5","format":false,"excerpt":"\u55e8\uff0c\u9019\u88e1\u662f\u840c\u5927\u5948\uff0c \u9ad8\u68ee\u5948\u6d25\u7f8e \u975e\u5b98\u65b9\u7c89\u7d72\u7db2\u7ad9\u3002 \u8072\u512a\u7c21\u4ecb \u5f9e\u4e8b\u8072\u512a\u5de5\u4f5c\u3002\u6700\u8fd1\u7e3d\u60e6\u8a18\u8457\u81ea\u52a9\u6d17\u8863\u5e97\u3001\u5c0f\u2026","rel":"","context":"Article similaire","block_context":{"text":"Article similaire","link":""},"img":{"alt_text":"","src":"https:\/\/i0.wp.com\/tkmr723.moe\/wp-content\/uploads\/2025\/06\/FPQD5hLUYAIi8rv-1.jpg?resize=350%2C200&ssl=1","width":350,"height":200,"srcset":"https:\/\/i0.wp.com\/tkmr723.moe\/wp-content\/uploads\/2025\/06\/FPQD5hLUYAIi8rv-1.jpg?resize=350%2C200&ssl=1 1x, https:\/\/i0.wp.com\/tkmr723.moe\/wp-content\/uploads\/2025\/06\/FPQD5hLUYAIi8rv-1.jpg?resize=525%2C300&ssl=1 1.5x, https:\/\/i0.wp.com\/tkmr723.moe\/wp-content\/uploads\/2025\/06\/FPQD5hLUYAIi8rv-1.jpg?resize=700%2C400&ssl=1 2x, https:\/\/i0.wp.com\/tkmr723.moe\/wp-content\/uploads\/2025\/06\/FPQD5hLUYAIi8rv-1.jpg?resize=1050%2C600&ssl=1 3x, https:\/\/i0.wp.com\/tkmr723.moe\/wp-content\/uploads\/2025\/06\/FPQD5hLUYAIi8rv-1.jpg?resize=1400%2C800&ssl=1 4x"},"classes":[]},{"id":8053,"url":"https:\/\/tkmr723.moe\/fr\/home\/","url_meta":{"origin":6872,"position":2},"title":"\u9996\u9801 &#8211; \u4e2d\u6587 (\u4e2d\u56fd)","author":"admin","date":"2025\u5e746\u670825\u65e5","format":false,"excerpt":"\u55e8\uff0c\u9019\u88e1\u662f\u840c\u5927\u5948\uff0c \u9ad8\u68ee\u5948\u6d25\u7f8e \u975e\u5b98\u65b9\u7c89\u7d72\u7db2\u7ad9\u3002 \u8072\u512a\u7c21\u4ecb \u5f9e\u4e8b\u8072\u512a\u5de5\u4f5c\u3002\u6700\u8fd1\u7e3d\u60e6\u8a18\u8457\u81ea\u52a9\u6d17\u8863\u5e97\u3001\u5c0f\u2026","rel":"","context":"Article similaire","block_context":{"text":"Article similaire","link":""},"img":{"alt_text":"","src":"https:\/\/i0.wp.com\/tkmr723.moe\/wp-content\/uploads\/2025\/06\/FPQD5hLUYAIi8rv-1.jpg?resize=350%2C200&ssl=1","width":350,"height":200,"srcset":"https:\/\/i0.wp.com\/tkmr723.moe\/wp-content\/uploads\/2025\/06\/FPQD5hLUYAIi8rv-1.jpg?resize=350%2C200&ssl=1 1x, https:\/\/i0.wp.com\/tkmr723.moe\/wp-content\/uploads\/2025\/06\/FPQD5hLUYAIi8rv-1.jpg?resize=525%2C300&ssl=1 1.5x, https:\/\/i0.wp.com\/tkmr723.moe\/wp-content\/uploads\/2025\/06\/FPQD5hLUYAIi8rv-1.jpg?resize=700%2C400&ssl=1 2x, https:\/\/i0.wp.com\/tkmr723.moe\/wp-content\/uploads\/2025\/06\/FPQD5hLUYAIi8rv-1.jpg?resize=1050%2C600&ssl=1 3x, https:\/\/i0.wp.com\/tkmr723.moe\/wp-content\/uploads\/2025\/06\/FPQD5hLUYAIi8rv-1.jpg?resize=1400%2C800&ssl=1 4x"},"classes":[]},{"id":8055,"url":"https:\/\/tkmr723.moe\/fr\/home\/","url_meta":{"origin":6872,"position":3},"title":"\u9996\u9801 &#8211; English","author":"admin","date":"2025\u5e746\u670825\u65e5","format":false,"excerpt":"\u55e8\uff0c\u9019\u88e1\u662f\u840c\u5927\u5948\uff0c \u9ad8\u68ee\u5948\u6d25\u7f8e \u975e\u5b98\u65b9\u7c89\u7d72\u7db2\u7ad9\u3002 \u8072\u512a\u7c21\u4ecb \u5f9e\u4e8b\u8072\u512a\u5de5\u4f5c\u3002\u6700\u8fd1\u7e3d\u60e6\u8a18\u8457\u81ea\u52a9\u6d17\u8863\u5e97\u3001\u5c0f\u2026","rel":"","context":"Article similaire","block_context":{"text":"Article similaire","link":""},"img":{"alt_text":"","src":"https:\/\/i0.wp.com\/tkmr723.moe\/wp-content\/uploads\/2025\/06\/FPQD5hLUYAIi8rv-1.jpg?resize=350%2C200&ssl=1","width":350,"height":200,"srcset":"https:\/\/i0.wp.com\/tkmr723.moe\/wp-content\/uploads\/2025\/06\/FPQD5hLUYAIi8rv-1.jpg?resize=350%2C200&ssl=1 1x, https:\/\/i0.wp.com\/tkmr723.moe\/wp-content\/uploads\/2025\/06\/FPQD5hLUYAIi8rv-1.jpg?resize=525%2C300&ssl=1 1.5x, https:\/\/i0.wp.com\/tkmr723.moe\/wp-content\/uploads\/2025\/06\/FPQD5hLUYAIi8rv-1.jpg?resize=700%2C400&ssl=1 2x, https:\/\/i0.wp.com\/tkmr723.moe\/wp-content\/uploads\/2025\/06\/FPQD5hLUYAIi8rv-1.jpg?resize=1050%2C600&ssl=1 3x, https:\/\/i0.wp.com\/tkmr723.moe\/wp-content\/uploads\/2025\/06\/FPQD5hLUYAIi8rv-1.jpg?resize=1400%2C800&ssl=1 4x"},"classes":[]},{"id":8056,"url":"https:\/\/tkmr723.moe\/fr\/home\/","url_meta":{"origin":6872,"position":4},"title":"\u9996\u9801 &#8211; \ud55c\uad6d\uc5b4","author":"admin","date":"2025\u5e746\u670825\u65e5","format":false,"excerpt":"\u55e8\uff0c\u9019\u88e1\u662f\u840c\u5927\u5948\uff0c \u9ad8\u68ee\u5948\u6d25\u7f8e \u975e\u5b98\u65b9\u7c89\u7d72\u7db2\u7ad9\u3002 \u8072\u512a\u7c21\u4ecb \u5f9e\u4e8b\u8072\u512a\u5de5\u4f5c\u3002\u6700\u8fd1\u7e3d\u60e6\u8a18\u8457\u81ea\u52a9\u6d17\u8863\u5e97\u3001\u5c0f\u2026","rel":"","context":"Article similaire","block_context":{"text":"Article similaire","link":""},"img":{"alt_text":"","src":"https:\/\/i0.wp.com\/tkmr723.moe\/wp-content\/uploads\/2025\/06\/FPQD5hLUYAIi8rv-1.jpg?resize=350%2C200&ssl=1","width":350,"height":200,"srcset":"https:\/\/i0.wp.com\/tkmr723.moe\/wp-content\/uploads\/2025\/06\/FPQD5hLUYAIi8rv-1.jpg?resize=350%2C200&ssl=1 1x, https:\/\/i0.wp.com\/tkmr723.moe\/wp-content\/uploads\/2025\/06\/FPQD5hLUYAIi8rv-1.jpg?resize=525%2C300&ssl=1 1.5x, https:\/\/i0.wp.com\/tkmr723.moe\/wp-content\/uploads\/2025\/06\/FPQD5hLUYAIi8rv-1.jpg?resize=700%2C400&ssl=1 2x, https:\/\/i0.wp.com\/tkmr723.moe\/wp-content\/uploads\/2025\/06\/FPQD5hLUYAIi8rv-1.jpg?resize=1050%2C600&ssl=1 3x, https:\/\/i0.wp.com\/tkmr723.moe\/wp-content\/uploads\/2025\/06\/FPQD5hLUYAIi8rv-1.jpg?resize=1400%2C800&ssl=1 4x"},"classes":[]},{"id":8054,"url":"https:\/\/tkmr723.moe\/fr\/home\/","url_meta":{"origin":6872,"position":5},"title":"\u9996\u9801 &#8211; \u65e5\u672c\u8a9e","author":"admin","date":"2025\u5e746\u670825\u65e5","format":false,"excerpt":"\u55e8\uff0c\u9019\u88e1\u662f\u840c\u5927\u5948\uff0c \u9ad8\u68ee\u5948\u6d25\u7f8e \u975e\u5b98\u65b9\u7c89\u7d72\u7db2\u7ad9\u3002 \u8072\u512a\u7c21\u4ecb \u5f9e\u4e8b\u8072\u512a\u5de5\u4f5c\u3002\u6700\u8fd1\u7e3d\u60e6\u8a18\u8457\u81ea\u52a9\u6d17\u8863\u5e97\u3001\u5c0f\u2026","rel":"","context":"Article similaire","block_context":{"text":"Article similaire","link":""},"img":{"alt_text":"","src":"https:\/\/i0.wp.com\/tkmr723.moe\/wp-content\/uploads\/2025\/06\/FPQD5hLUYAIi8rv-1.jpg?resize=350%2C200&ssl=1","width":350,"height":200,"srcset":"https:\/\/i0.wp.com\/tkmr723.moe\/wp-content\/uploads\/2025\/06\/FPQD5hLUYAIi8rv-1.jpg?resize=350%2C200&ssl=1 1x, https:\/\/i0.wp.com\/tkmr723.moe\/wp-content\/uploads\/2025\/06\/FPQD5hLUYAIi8rv-1.jpg?resize=525%2C300&ssl=1 1.5x, https:\/\/i0.wp.com\/tkmr723.moe\/wp-content\/uploads\/2025\/06\/FPQD5hLUYAIi8rv-1.jpg?resize=700%2C400&ssl=1 2x, https:\/\/i0.wp.com\/tkmr723.moe\/wp-content\/uploads\/2025\/06\/FPQD5hLUYAIi8rv-1.jpg?resize=1050%2C600&ssl=1 3x, https:\/\/i0.wp.com\/tkmr723.moe\/wp-content\/uploads\/2025\/06\/FPQD5hLUYAIi8rv-1.jpg?resize=1400%2C800&ssl=1 4x"},"classes":[]}],"jetpack_shortlink":"https:\/\/wp.me\/PbfjlX-1MQ","_links":{"self":[{"href":"https:\/\/tkmr723.moe\/fr\/wp-json\/wp\/v2\/pages\/6872","targetHints":{"allow":["GET"]}}],"collection":[{"href":"https:\/\/tkmr723.moe\/fr\/wp-json\/wp\/v2\/pages"}],"about":[{"href":"https:\/\/tkmr723.moe\/fr\/wp-json\/wp\/v2\/types\/page"}],"author":[{"embeddable":true,"href":"https:\/\/tkmr723.moe\/fr\/wp-json\/wp\/v2\/users\/1"}],"replies":[{"embeddable":true,"href":"https:\/\/tkmr723.moe\/fr\/wp-json\/wp\/v2\/comments?post=6872"}],"version-history":[{"count":8,"href":"https:\/\/tkmr723.moe\/fr\/wp-json\/wp\/v2\/pages\/6872\/revisions"}],"predecessor-version":[{"id":9108,"href":"https:\/\/tkmr723.moe\/fr\/wp-json\/wp\/v2\/pages\/6872\/revisions\/9108"}],"wp:featuredmedia":[{"embeddable":true,"href":"https:\/\/tkmr723.moe\/fr\/wp-json\/wp\/v2\/media\/6875"}],"wp:attachment":[{"href":"https:\/\/tkmr723.moe\/fr\/wp-json\/wp\/v2\/media?parent=6872"}],"curies":[{"name":"wp","href":"https:\/\/api.w.org\/{rel}","templated":true}]}}