{"id":908,"date":"2023-12-21T16:12:24","date_gmt":"2023-12-21T08:12:24","guid":{"rendered":"https:\/\/www.tkmr723.moe\/?page_id=908"},"modified":"2023-12-21T16:12:24","modified_gmt":"2023-12-21T08:12:24","slug":"nanatokaoru10","status":"publish","type":"page","link":"https:\/\/tkmr723.moe\/fr\/nanatokaoru10\/","title":{"rendered":"\u30ca\u30ca\u3068\u30ab\u30aa\u30eb \u3010\u6717\u8aad\u5287CD\u4ed8\u304d\u521d\u56de\u9650\u5b9a\u7248\u3011 10 (\u30b8\u30a7\u30c3\u30c4\u30b3\u30df\u30c3\u30af\u30b9) \u2192 Nana et Kaoru [\u00c9dition limit\u00e9e premi\u00e8re avec CD de th\u00e9\u00e2tre lu] 10 (Jets Comics)"},"content":{"rendered":"<div data-elementor-type=\"wp-page\" data-elementor-id=\"908\" class=\"elementor elementor-908\" data-elementor-settings=\"{&quot;element_pack_global_tooltip_width&quot;:{&quot;unit&quot;:&quot;px&quot;,&quot;size&quot;:&quot;&quot;,&quot;sizes&quot;:[]},&quot;element_pack_global_tooltip_width_tablet&quot;:{&quot;unit&quot;:&quot;px&quot;,&quot;size&quot;:&quot;&quot;,&quot;sizes&quot;:[]},&quot;element_pack_global_tooltip_width_mobile&quot;:{&quot;unit&quot;:&quot;px&quot;,&quot;size&quot;:&quot;&quot;,&quot;sizes&quot;:[]},&quot;element_pack_global_tooltip_padding&quot;:{&quot;unit&quot;:&quot;px&quot;,&quot;top&quot;:&quot;&quot;,&quot;right&quot;:&quot;&quot;,&quot;bottom&quot;:&quot;&quot;,&quot;left&quot;:&quot;&quot;,&quot;isLinked&quot;:true},&quot;element_pack_global_tooltip_padding_tablet&quot;:{&quot;unit&quot;:&quot;px&quot;,&quot;top&quot;:&quot;&quot;,&quot;right&quot;:&quot;&quot;,&quot;bottom&quot;:&quot;&quot;,&quot;left&quot;:&quot;&quot;,&quot;isLinked&quot;:true},&quot;element_pack_global_tooltip_padding_mobile&quot;:{&quot;unit&quot;:&quot;px&quot;,&quot;top&quot;:&quot;&quot;,&quot;right&quot;:&quot;&quot;,&quot;bottom&quot;:&quot;&quot;,&quot;left&quot;:&quot;&quot;,&quot;isLinked&quot;:true},&quot;element_pack_global_tooltip_border_radius&quot;:{&quot;unit&quot;:&quot;px&quot;,&quot;top&quot;:&quot;&quot;,&quot;right&quot;:&quot;&quot;,&quot;bottom&quot;:&quot;&quot;,&quot;left&quot;:&quot;&quot;,&quot;isLinked&quot;:true},&quot;element_pack_global_tooltip_border_radius_tablet&quot;:{&quot;unit&quot;:&quot;px&quot;,&quot;top&quot;:&quot;&quot;,&quot;right&quot;:&quot;&quot;,&quot;bottom&quot;:&quot;&quot;,&quot;left&quot;:&quot;&quot;,&quot;isLinked&quot;:true},&quot;element_pack_global_tooltip_border_radius_mobile&quot;:{&quot;unit&quot;:&quot;px&quot;,&quot;top&quot;:&quot;&quot;,&quot;right&quot;:&quot;&quot;,&quot;bottom&quot;:&quot;&quot;,&quot;left&quot;:&quot;&quot;,&quot;isLinked&quot;:true}}\" data-elementor-post-type=\"page\">\n\t\t\t\t\t\t<section data-exad-particle-enable=\"false\" class=\"elementor-section elementor-top-section elementor-element elementor-element-0532a3c elementor-section-boxed elementor-section-height-default elementor-section-height-default exad-parallax-effect-no exad-background-color-change-no exad-glass-effect-no exad-sticky-section-no\" data-id=\"0532a3c\" data-element_type=\"section\" data-e-type=\"section\">\n\t\t\t\t\t\t<div class=\"elementor-container elementor-column-gap-default\">\n\t\t\t\t\t<div class=\"elementor-column elementor-col-100 elementor-top-column elementor-element elementor-element-eaf69aa exad-glass-effect-no exad-sticky-section-no\" data-id=\"eaf69aa\" data-element_type=\"column\" data-e-type=\"column\">\n\t\t\t<div class=\"elementor-widget-wrap elementor-element-populated\">\n\t\t\t\t\t\t<div class=\"elementor-element elementor-element-2f58674 exad-sticky-section-no exad-glass-effect-no elementor-widget elementor-widget-bdt-advanced-heading\" data-id=\"2f58674\" data-element_type=\"widget\" data-e-type=\"widget\" data-widget_type=\"bdt-advanced-heading.default\">\n\t\t\t\t<div class=\"elementor-widget-container\">\n\t\t\t\t\t<div id =\"2f58674\" class=\"bdt-ep-advanced-heading\" data-settings=\"{&quot;titleMultiColor&quot;:&quot;no&quot;}\">\t\t\t<div class=\"bdt-ep-advanced-heading-sub-title\">\n\t\t\t\t<div class=\"bdt-ep-advanced-heading-sub-title-content\">\n\t\t\t\t\t\t\t\t\t\tCD de drama radiophonique\t\t\t\t\t\t\t\t\t<\/div>\n\t\t\t\t\t\t\t<\/div>\n\t\t\t<h2 class=\"bdt-ep-advanced-heading-title\"><span class=\"bdt-ep-advanced-heading-main-title\"><span class=\"bdt-ep-advanced-heading-main-title-inner\">\u30ca\u30ca\u3068\u30ab\u30aa\u30eb \u3010\u6717\u8aad\u5287CD\u4ed8\u304d\u521d\u56de\u9650\u5b9a\u7248\u3011 10 (\u30b8\u30a7\u30c3\u30c4\u30b3\u30df\u30c3\u30af\u30b9) \u2192 Nana et Kaoru [\u00c9dition limit\u00e9e premi\u00e8re avec CD de th\u00e9\u00e2tre lu] 10 (Jets Comics)<\/span><\/span><\/h2><\/div>\t\t\t\t<\/div>\n\t\t\t\t<\/div>\n\t\t\t\t\t<\/div>\n\t\t<\/div>\n\t\t\t\t\t<\/div>\n\t\t<\/section>\n\t\t\t\t<section data-exad-particle-enable=\"false\" class=\"elementor-section elementor-top-section elementor-element elementor-element-f09e58a elementor-section-boxed elementor-section-height-default elementor-section-height-default exad-parallax-effect-no exad-background-color-change-no exad-glass-effect-no exad-sticky-section-no\" data-id=\"f09e58a\" data-element_type=\"section\" data-e-type=\"section\">\n\t\t\t\t\t\t<div class=\"elementor-container elementor-column-gap-default\">\n\t\t\t\t\t<div class=\"elementor-column elementor-col-100 elementor-top-column elementor-element elementor-element-2dd442a exad-glass-effect-no exad-sticky-section-no\" data-id=\"2dd442a\" data-element_type=\"column\" data-e-type=\"column\">\n\t\t\t<div class=\"elementor-widget-wrap elementor-element-populated\">\n\t\t\t\t\t\t<div class=\"elementor-element elementor-element-0bf149f exad-sticky-section-no exad-glass-effect-no elementor-widget elementor-widget-image\" data-id=\"0bf149f\" data-element_type=\"widget\" data-e-type=\"widget\" data-widget_type=\"image.default\">\n\t\t\t\t<div class=\"elementor-widget-container\">\n\t\t\t\t\t\t\t\t\t\t\t\t\t\t\t<img fetchpriority=\"high\" decoding=\"async\" width=\"349\" height=\"500\" src=\"https:\/\/tkmr723.moe\/wp-content\/uploads\/2023\/12\/\u30ca\u30ca\u3068\u30ab\u30aa\u30eb-10.jpg\" class=\"attachment-medium_large size-medium_large wp-image-2278\" alt=\"\" srcset=\"https:\/\/tkmr723.moe\/wp-content\/uploads\/2023\/12\/\u30ca\u30ca\u3068\u30ab\u30aa\u30eb-10.jpg 349w, https:\/\/tkmr723.moe\/wp-content\/uploads\/2023\/12\/\u30ca\u30ca\u3068\u30ab\u30aa\u30eb-10-209x300.jpg 209w\" sizes=\"(max-width: 349px) 100vw, 349px\" title=\"\">\t\t\t\t\t\t\t\t\t\t\t\t\t\t\t<\/div>\n\t\t\t\t<\/div>\n\t\t\t\t\t<\/div>\n\t\t<\/div>\n\t\t\t\t\t<\/div>\n\t\t<\/section>\n\t\t\t\t<section data-exad-particle-enable=\"false\" class=\"elementor-section elementor-top-section elementor-element elementor-element-4251ca0 elementor-section-boxed elementor-section-height-default elementor-section-height-default exad-parallax-effect-no exad-background-color-change-no exad-glass-effect-no exad-sticky-section-no\" data-id=\"4251ca0\" data-element_type=\"section\" data-e-type=\"section\">\n\t\t\t\t\t\t<div class=\"elementor-container elementor-column-gap-default\">\n\t\t\t\t\t<div class=\"elementor-column elementor-col-50 elementor-top-column elementor-element elementor-element-14709b2 exad-glass-effect-no exad-sticky-section-no\" data-id=\"14709b2\" data-element_type=\"column\" data-e-type=\"column\">\n\t\t\t<div class=\"elementor-widget-wrap elementor-element-populated\">\n\t\t\t\t\t\t<div class=\"elementor-element elementor-element-3023b8d exad-sticky-section-no exad-glass-effect-no elementor-widget elementor-widget-text-editor\" data-id=\"3023b8d\" data-element_type=\"widget\" data-e-type=\"widget\" data-widget_type=\"text-editor.default\">\n\t\t\t\t<div class=\"elementor-widget-container\">\n\t\t\t\t\t\t\t\t\t<p>\u3010Date de sortie\u3011<br \/>2013\u5e744\u670826\u65e5<\/p><p>\u3010\u51fa\u7248\u5546\u3011<br \/>\u767d\u6cc9\u793e<\/p><p>\u3010Prix\u3011<br \/>\u00a51,760\uff08\u7a05\u5f8c\uff09<\/p>\t\t\t\t\t\t\t\t<\/div>\n\t\t\t\t<\/div>\n\t\t\t\t\t<\/div>\n\t\t<\/div>\n\t\t\t\t<div class=\"elementor-column elementor-col-50 elementor-top-column elementor-element elementor-element-d723e35 exad-glass-effect-no exad-sticky-section-no\" data-id=\"d723e35\" data-element_type=\"column\" data-e-type=\"column\">\n\t\t\t<div class=\"elementor-widget-wrap\">\n\t\t\t\t\t\t\t<\/div>\n\t\t<\/div>\n\t\t\t\t\t<\/div>\n\t\t<\/section>\n\t\t\t\t<\/div>","protected":false},"excerpt":{"rendered":"<p>\u5ee3\u64ad\u5287CD \u30ca\u30ca\u3068\u30ab\u30aa\u30eb \u3010\u6717\u8aad\u5287CD\u4ed8\u304d\u521d\u56de\u9650\u5b9a\u7248\u3011 10 (\u30b8\u30a7\u30c3\u30c4\u30b3\u30df\u30c3\u30af\u30b9) \u3010\u767c\u552e\u65e5\u671f\u30112013\u5e744 [&hellip;]<\/p>\n","protected":false},"author":1,"featured_media":2278,"parent":0,"menu_order":0,"comment_status":"closed","ping_status":"closed","template":"","meta":{"_uag_custom_page_level_css":"","_zb_attr":"","site-sidebar-layout":"no-sidebar","site-content-layout":"page-builder","ast-site-content-layout":"full-width-container","site-content-style":"default","site-sidebar-style":"default","ast-global-header-display":"","ast-banner-title-visibility":"","ast-main-header-display":"","ast-hfb-above-header-display":"","ast-hfb-below-header-display":"","ast-hfb-mobile-header-display":"","site-post-title":"disabled","ast-breadcrumbs-content":"","ast-featured-img":"disabled","footer-sml-layout":"","ast-disable-related-posts":"","theme-transparent-header-meta":"","adv-header-id-meta":"","stick-header-meta":"","header-above-stick-meta":"","header-main-stick-meta":"","header-below-stick-meta":"","astra-migrate-meta-layouts":"set","ast-page-background-enabled":"default","ast-page-background-meta":{"desktop":{"background-color":"","background-image":"","background-repeat":"repeat","background-position":"center center","background-size":"auto","background-attachment":"scroll","background-type":"","background-media":"","overlay-type":"","overlay-color":"","overlay-opacity":"","overlay-gradient":""},"tablet":{"background-color":"","background-image":"","background-repeat":"repeat","background-position":"center center","background-size":"auto","background-attachment":"scroll","background-type":"","background-media":"","overlay-type":"","overlay-color":"","overlay-opacity":"","overlay-gradient":""},"mobile":{"background-color":"","background-image":"","background-repeat":"repeat","background-position":"center center","background-size":"auto","background-attachment":"scroll","background-type":"","background-media":"","overlay-type":"","overlay-color":"","overlay-opacity":"","overlay-gradient":""}},"ast-content-background-meta":{"desktop":{"background-color":"var(--ast-global-color-5)","background-image":"","background-repeat":"repeat","background-position":"center center","background-size":"auto","background-attachment":"scroll","background-type":"","background-media":"","overlay-type":"","overlay-color":"","overlay-opacity":"","overlay-gradient":""},"tablet":{"background-color":"var(--ast-global-color-5)","background-image":"","background-repeat":"repeat","background-position":"center center","background-size":"auto","background-attachment":"scroll","background-type":"","background-media":"","overlay-type":"","overlay-color":"","overlay-opacity":"","overlay-gradient":""},"mobile":{"background-color":"var(--ast-global-color-5)","background-image":"","background-repeat":"repeat","background-position":"center center","background-size":"auto","background-attachment":"scroll","background-type":"","background-media":"","overlay-type":"","overlay-color":"","overlay-opacity":"","overlay-gradient":""}},"_vp_format_video_url":"","_vp_image_focal_point":[],"_vp_custom_popup_image":0,"_vp_format_audio_url":"","_vp_album_images":[],"_vp_custom_thumbnail":0,"_vp_custom_thumbnail_focal_point":[],"_vp_custom_thumbnail_cover":0,"_vp_hover_thumbnail":0,"_vp_hover_thumbnail_focal_point":[],"zolo_post_video_link":"","footnotes":""},"class_list":["post-908","page","type-page","status-publish","has-post-thumbnail","hentry"],"uagb_featured_image_src":{"full":["https:\/\/tkmr723.moe\/wp-content\/uploads\/2023\/12\/\u30ca\u30ca\u3068\u30ab\u30aa\u30eb-10.jpg",349,500,false],"thumbnail":["https:\/\/tkmr723.moe\/wp-content\/uploads\/2023\/12\/\u30ca\u30ca\u3068\u30ab\u30aa\u30eb-10-150x150.jpg",150,150,true],"medium":["https:\/\/tkmr723.moe\/wp-content\/uploads\/2023\/12\/\u30ca\u30ca\u3068\u30ab\u30aa\u30eb-10-209x300.jpg",209,300,true],"medium_large":["https:\/\/tkmr723.moe\/wp-content\/uploads\/2023\/12\/\u30ca\u30ca\u3068\u30ab\u30aa\u30eb-10.jpg",349,500,false],"large":["https:\/\/tkmr723.moe\/wp-content\/uploads\/2023\/12\/\u30ca\u30ca\u3068\u30ab\u30aa\u30eb-10.jpg",349,500,false],"thumblist":["https:\/\/tkmr723.moe\/wp-content\/uploads\/2023\/12\/\u30ca\u30ca\u3068\u30ab\u30aa\u30eb-10.jpg",209,300,false],"thumbrelated":["https:\/\/tkmr723.moe\/wp-content\/uploads\/2023\/12\/\u30ca\u30ca\u3068\u30ab\u30aa\u30eb-10.jpg",349,500,false],"meccarouselthumb":["https:\/\/tkmr723.moe\/wp-content\/uploads\/2023\/12\/\u30ca\u30ca\u3068\u30ab\u30aa\u30eb-10.jpg",226,324,false],"gridsquare":["https:\/\/tkmr723.moe\/wp-content\/uploads\/2023\/12\/\u30ca\u30ca\u3068\u30ab\u30aa\u30eb-10.jpg",181,260,false],"tileview":["https:\/\/tkmr723.moe\/wp-content\/uploads\/2023\/12\/\u30ca\u30ca\u3068\u30ab\u30aa\u30eb-10.jpg",279,400,false],"1536x1536":["https:\/\/tkmr723.moe\/wp-content\/uploads\/2023\/12\/\u30ca\u30ca\u3068\u30ab\u30aa\u30eb-10.jpg",349,500,false],"2048x2048":["https:\/\/tkmr723.moe\/wp-content\/uploads\/2023\/12\/\u30ca\u30ca\u3068\u30ab\u30aa\u30eb-10.jpg",349,500,false],"trp-custom-language-flag":["https:\/\/tkmr723.moe\/wp-content\/uploads\/2023\/12\/\u30ca\u30ca\u3068\u30ab\u30aa\u30eb-10.jpg",8,12,false],"vp_sm":["https:\/\/tkmr723.moe\/wp-content\/uploads\/2023\/12\/\u30ca\u30ca\u3068\u30ab\u30aa\u30eb-10.jpg",349,500,false],"vp_md":["https:\/\/tkmr723.moe\/wp-content\/uploads\/2023\/12\/\u30ca\u30ca\u3068\u30ab\u30aa\u30eb-10.jpg",349,500,false],"vp_lg":["https:\/\/tkmr723.moe\/wp-content\/uploads\/2023\/12\/\u30ca\u30ca\u3068\u30ab\u30aa\u30eb-10.jpg",349,500,false],"vp_xl":["https:\/\/tkmr723.moe\/wp-content\/uploads\/2023\/12\/\u30ca\u30ca\u3068\u30ab\u30aa\u30eb-10.jpg",349,500,false],"vp_sm_popup":["https:\/\/tkmr723.moe\/wp-content\/uploads\/2023\/12\/\u30ca\u30ca\u3068\u30ab\u30aa\u30eb-10.jpg",349,500,false],"vp_md_popup":["https:\/\/tkmr723.moe\/wp-content\/uploads\/2023\/12\/\u30ca\u30ca\u3068\u30ab\u30aa\u30eb-10.jpg",349,500,false],"vp_xl_popup":["https:\/\/tkmr723.moe\/wp-content\/uploads\/2023\/12\/\u30ca\u30ca\u3068\u30ab\u30aa\u30eb-10.jpg",349,500,false]},"uagb_author_info":{"display_name":"admin","author_link":"https:\/\/tkmr723.moe\/fr\/author\/admin\/"},"uagb_comment_info":0,"uagb_excerpt":"\u5ee3\u64ad\u5287CD \u30ca\u30ca\u3068\u30ab\u30aa\u30eb \u3010\u6717\u8aad\u5287CD\u4ed8\u304d\u521d\u56de\u9650\u5b9a\u7248\u3011 10 (\u30b8\u30a7\u30c3\u30c4\u30b3\u30df\u30c3\u30af\u30b9) \u3010\u767c\u552e\u65e5\u671f\u30112013\u5e744\u2026","jetpack_sharing_enabled":true,"jetpack-related-posts":[{"id":875,"url":"https:\/\/tkmr723.moe\/fr\/nanatokaoru7\/","url_meta":{"origin":908,"position":0},"title":"\u30ca\u30ca\u3068\u30ab\u30aa\u30eb \u3010\u6717\u8aad\u5287CD\u4ed8\u304d\u521d\u56de\u9650\u5b9a\u7248\u3011 7 (\u30b8\u30a7\u30c3\u30c4\u30b3\u30df\u30c3\u30af\u30b9) \u2192 Nana et Kaoru [\u00c9dition limit\u00e9e premi\u00e8re avec CD de th\u00e9\u00e2tre lu] 7 (Jets Comics)","author":"admin","date":"2023\u5e7412\u67082\u65e5","format":false,"excerpt":"\u6717\u8b80\u5287CD \u30ca\u30ca\u3068\u30ab\u30aa\u30eb \u3010\u6717\u8aad\u5287CD\u3064\u304d\u9650\u5b9a\u7248\u3011 7 (\u30b8\u30a7\u30c3\u30c4\u30b3\u30df\u30c3\u30af\u30b9) \u3010\u767c\u552e\u65e5\u671f\u30112011\u2026","rel":"","context":"Article similaire","block_context":{"text":"Article similaire","link":""},"img":{"alt_text":"","src":"https:\/\/i0.wp.com\/tkmr723.moe\/wp-content\/uploads\/2023\/11\/%E3%83%8A%E3%83%8A%E3%81%A8%E3%82%AB%E3%82%AA%E3%83%AB-%E3%80%90%E6%9C%97%E8%AA%AD%E5%8A%87CD%E4%BB%98%E3%81%8D%E5%88%9D%E5%9B%9E%E9%99%90%E5%AE%9A%E7%89%88%E3%80%91-7-%E3%82%B8%E3%82%A7%E3%83%83%E3%83%84%E3%82%B3%E3%83%9F%E3%83%83%E3%82%AF%E3%82%B9-jpg.webp?resize=350%2C200&ssl=1","width":350,"height":200},"classes":[]},{"id":877,"url":"https:\/\/tkmr723.moe\/fr\/nanatokaoru8\/","url_meta":{"origin":908,"position":1},"title":"\u30ca\u30ca\u3068\u30ab\u30aa\u30eb \u3010\u6717\u8aad\u5287CD\u3064\u304d\u9650\u5b9a\u7248\u3011 8 (\u30b8\u30a7\u30c3\u30c4\u30b3\u30df\u30c3\u30af\u30b9) \u2192 Nana et Kaoru [\u00c9dition limit\u00e9e avec CD de th\u00e9\u00e2tre lu] 8 (Jets Comics)","author":"admin","date":"2023\u5e7412\u67082\u65e5","format":false,"excerpt":"\u6717\u8b80\u5287CD \u30ca\u30ca\u3068\u30ab\u30aa\u30eb \u3010\u6717\u8aad\u5287CD\u3064\u304d\u9650\u5b9a\u7248\u3011 8 (\u30b8\u30a7\u30c3\u30c4\u30b3\u30df\u30c3\u30af\u30b9) \u3010\u767c\u552e\u65e5\u671f\u30112012\u2026","rel":"","context":"Article similaire","block_context":{"text":"Article similaire","link":""},"img":{"alt_text":"","src":"https:\/\/i0.wp.com\/tkmr723.moe\/wp-content\/uploads\/2023\/11\/%E3%83%8A%E3%83%8A%E3%81%A8%E3%82%AB%E3%82%AA%E3%83%AB-%E3%80%90%E6%9C%97%E8%AA%AD%E5%8A%87CD%E3%81%A4%E3%81%8D%E9%99%90%E5%AE%9A%E7%89%88%E3%80%91-8-%E3%82%B8%E3%82%A7%E3%83%83%E3%83%84%E3%82%B3%E3%83%9F%E3%83%83%E3%82%AF%E3%82%B9-e1702775511567.jpg?resize=350%2C200&ssl=1","width":350,"height":200},"classes":[]},{"id":1054,"url":"https:\/\/tkmr723.moe\/fr\/bw-bd3\/","url_meta":{"origin":908,"position":2},"title":"\u30d6\u30ec\u30a4\u30d6\u30a6\u30a3\u30c3\u30c1\u30fc\u30baBlu-ray\u9650\u5b9a\u7248 \u7b2c3\u5dfb \u2192 Brave Witches Blu-ray \u00c9dition limit\u00e9e Volume 3","author":"admin","date":"2023\u5e7412\u670813\u65e5","format":false,"excerpt":"\u5ee3\u64ad\u5287CD \u30d6\u30ec\u30a4\u30d6\u30a6\u30a3\u30c3\u30c1\u30fc\u30baBlu-ray\u9650\u5b9a\u7248 \u7b2c3\u5dfb \u3010\u76ee\u9304\u7de8\u865f\u3011KAXA-7443\u3010\u767c\u552e\u65e5\u2026","rel":"","context":"Article similaire","block_context":{"text":"Article similaire","link":""},"img":{"alt_text":"","src":"https:\/\/i0.wp.com\/tkmr723.moe\/wp-content\/uploads\/2023\/12\/%E3%83%96%E3%83%AC%E3%82%A4%E3%83%96%E3%82%A6%E3%82%A3%E3%83%83%E3%83%81%E3%83%BC%E3%82%BABlu-ray%E9%99%90%E5%AE%9A%E7%89%88-%E7%AC%AC3%E5%B7%BB.jpg?resize=350%2C200&ssl=1","width":350,"height":200},"classes":[]},{"id":1092,"url":"https:\/\/tkmr723.moe\/fr\/kaiyari5-drama-cd\/","url_meta":{"origin":908,"position":3},"title":"\u56de\u5fa9\u8853\u58eb\u306e\u3084\u308a\u76f4\u30575-\uff5e\u5373\u6b7b\u9b54\u6cd5\u3068\u30b9\u30ad\u30eb\u30b3\u30d4\u30fc\u306e\u8d85\u8d8a\u30d2\u30fc\u30eb\uff5e\u3000\u30aa\u30ea\u30b8\u30ca\u30eb\u30c9\u30e9\u30deCD\u4ed8\u304d\u540c\u68b1\u7248","author":"admin","date":"2023\u5e7412\u67089\u65e5","format":false,"excerpt":"\u5ee3\u64ad\u5287CD \u56de\u5fa9\u8853\u58eb\u306e\u3084\u308a\u76f4\u30575-\uff5e\u5373\u6b7b\u9b54\u6cd5\u3068\u30b9\u30ad\u30eb\u30b3\u30d4\u30fc\u306e\u8d85\u8d8a\u30d2\u30fc\u30eb\uff5e\u3000\u30aa\u30ea\u30b8\u30ca\u30eb\u30c9\u30e9\u30deCD\u4ed8\u304d\u540c\u2026","rel":"","context":"Article similaire","block_context":{"text":"Article similaire","link":""},"img":{"alt_text":"","src":"https:\/\/i0.wp.com\/tkmr723.moe\/wp-content\/uploads\/2023\/12\/%E5%9B%9E%E5%BE%A9%E8%A1%93%E5%A3%AB%E3%81%AE%E3%82%84%E3%82%8A%E7%9B%B4%E3%81%975-%E5%8D%B3%E6%AD%BB%E9%AD%94%E6%B3%95%E3%81%A8%E3%82%B9%E3%82%AD%E3%83%AB%E3%82%B3%E3%83%94%E3%83%BC%E3%81%AE%E8%B6%85%E8%B6%8A%E3%83%92%E3%83%BC%E3%83%AB%E3%80%80%E3%82%AA%E3%83%AA%E3%82%B8%E3%83%8A%E3%83%AB%E3%83%89%E3%83%A9%E3%83%9ECD%E4%BB%98%E3%81%8D%E5%90%8C%E6%A2%B1%E7%89%88.jpg?resize=350%2C200&ssl=1","width":350,"height":200},"classes":[]},{"id":916,"url":"https:\/\/tkmr723.moe\/fr\/%e3%81%8a%e3%81%8f%e3%81%95%e3%81%be%e3%81%8c%e7%94%9f%e5%be%92%e4%bc%9a%e9%95%b7-3-%e3%83%89%e3%83%a9%e3%83%9ecd%e4%bb%98%e3%81%8d%e9%99%90%e5%ae%9a%e7%89%88\/","url_meta":{"origin":908,"position":4},"title":"\u304a\u304f\u3055\u307e\u304c\u751f\u5f92\u4f1a\u9577 3 \u30c9\u30e9\u30deCD\u4ed8\u304d\u9650\u5b9a\u7248 \u2192 Ma Femme est la Pr\u00e9sidente du Conseil des \u00c9tudiants 3 \u00c9dition limit\u00e9e avec Drama CD","author":"admin","date":"2023\u5e7412\u670819\u65e5","format":false,"excerpt":"\u5ee3\u64ad\u5287CD \u304a\u304f\u3055\u307e\u304c\u751f\u5f92\u4f1a\u9577 3 \u30c9\u30e9\u30deCD\u4ed8\u304d\u9650\u5b9a\u7248 \u3010\u767c\u552e\u65e5\u671f\u30112013\u5e746\u670827\u65e5\u3010\u51fa\u7248\u5546\u3011\u2026","rel":"","context":"Article similaire","block_context":{"text":"Article similaire","link":""},"img":{"alt_text":"","src":"https:\/\/i0.wp.com\/tkmr723.moe\/wp-content\/uploads\/2023\/11\/%E3%81%8A%E3%81%8F%E3%81%95%E3%81%BE%E3%81%8C%E7%94%9F%E5%BE%92%E4%BC%9A%E9%95%B7-3-%E3%83%89%E3%83%A9%E3%83%9ECD%E4%BB%98%E3%81%8D%E9%99%90%E5%AE%9A%E7%89%88-e1702775444677.webp?resize=350%2C200&ssl=1","width":350,"height":200},"classes":[]},{"id":2209,"url":"https:\/\/tkmr723.moe\/fr\/%e3%81%8a%e3%81%8f%e3%81%95%e3%81%be%e3%81%8c%e7%94%9f%e5%be%92%e4%bc%9a%e9%95%b7-5-%e3%83%89%e3%83%a9%e3%83%9ecd%e4%bb%98%e3%81%8d%e9%99%90%e5%ae%9a%e7%89%88\/","url_meta":{"origin":908,"position":5},"title":"\u304a\u304f\u3055\u307e\u304c\u751f\u5f92\u4f1a\u9577 5 \u30c9\u30e9\u30deCD\u4ed8\u304d\u9650\u5b9a\u7248 \u2192 Ma Femme est la Pr\u00e9sidente du Conseil des \u00c9tudiants 5 \u00c9dition limit\u00e9e avec Drama CD","author":"admin","date":"2023\u5e7412\u670819\u65e5","format":false,"excerpt":"\u5ee3\u64ad\u5287CD \u304a\u304f\u3055\u307e\u304c\u751f\u5f92\u4f1a\u9577! 5 \u30c9\u30e9\u30deCD\u4ed8\u304d\u9650\u5b9a\u7248 \u3010\u767c\u552e\u65e5\u671f\u30112014\u5e746\u670827\u65e5\u3010\u51fa\u7248\u5546\u2026","rel":"","context":"Article similaire","block_context":{"text":"Article similaire","link":""},"img":{"alt_text":"","src":"https:\/\/i0.wp.com\/test.tkmr723.moe\/wp-content\/uploads\/2023\/12\/%E3%81%8A%E3%81%8F%E3%81%95%E3%81%BE%E3%81%8C%E7%94%9F%E5%BE%92%E4%BC%9A%E9%95%B7-5-%E3%83%89%E3%83%A9%E3%83%9ECD%E4%BB%98%E3%81%8D%E9%99%90%E5%AE%9A%E7%89%88.jpg?resize=350%2C200","width":350,"height":200},"classes":[]}],"jetpack_shortlink":"https:\/\/wp.me\/PbfjlX-eE","_links":{"self":[{"href":"https:\/\/tkmr723.moe\/fr\/wp-json\/wp\/v2\/pages\/908","targetHints":{"allow":["GET"]}}],"collection":[{"href":"https:\/\/tkmr723.moe\/fr\/wp-json\/wp\/v2\/pages"}],"about":[{"href":"https:\/\/tkmr723.moe\/fr\/wp-json\/wp\/v2\/types\/page"}],"author":[{"embeddable":true,"href":"https:\/\/tkmr723.moe\/fr\/wp-json\/wp\/v2\/users\/1"}],"replies":[{"embeddable":true,"href":"https:\/\/tkmr723.moe\/fr\/wp-json\/wp\/v2\/comments?post=908"}],"version-history":[{"count":0,"href":"https:\/\/tkmr723.moe\/fr\/wp-json\/wp\/v2\/pages\/908\/revisions"}],"wp:featuredmedia":[{"embeddable":true,"href":"https:\/\/tkmr723.moe\/fr\/wp-json\/wp\/v2\/media\/2278"}],"wp:attachment":[{"href":"https:\/\/tkmr723.moe\/fr\/wp-json\/wp\/v2\/media?parent=908"}],"curies":[{"name":"wp","href":"https:\/\/api.w.org\/{rel}","templated":true}]}}