{"id":918,"date":"2023-12-19T16:59:49","date_gmt":"2023-12-19T08:59:49","guid":{"rendered":"https:\/\/www.tkmr723.moe\/?page_id=918"},"modified":"2023-12-19T16:59:49","modified_gmt":"2023-12-19T08:59:49","slug":"%e3%81%8a%e3%81%8f%e3%81%95%e3%81%be%e3%81%8c%e7%94%9f%e5%be%92%e4%bc%9a%e9%95%b7-4-%e3%83%89%e3%83%a9%e3%83%9ecd%e4%bb%98%e3%81%8d%e9%99%90%e5%ae%9a%e7%89%88","status":"publish","type":"page","link":"https:\/\/tkmr723.moe\/pl\/%e3%81%8a%e3%81%8f%e3%81%95%e3%81%be%e3%81%8c%e7%94%9f%e5%be%92%e4%bc%9a%e9%95%b7-4-%e3%83%89%e3%83%a9%e3%83%9ecd%e4%bb%98%e3%81%8d%e9%99%90%e5%ae%9a%e7%89%88\/","title":{"rendered":"Moja \u017cona jest przewodnicz\u0105c\u0105 samorz\u0105du 4 \u2013 Limitowana edycja z dramatycznym CD"},"content":{"rendered":"<div data-elementor-type=\"wp-page\" data-elementor-id=\"918\" class=\"elementor elementor-918\" data-elementor-settings=\"{&quot;element_pack_global_tooltip_width&quot;:{&quot;unit&quot;:&quot;px&quot;,&quot;size&quot;:&quot;&quot;,&quot;sizes&quot;:[]},&quot;element_pack_global_tooltip_width_tablet&quot;:{&quot;unit&quot;:&quot;px&quot;,&quot;size&quot;:&quot;&quot;,&quot;sizes&quot;:[]},&quot;element_pack_global_tooltip_width_mobile&quot;:{&quot;unit&quot;:&quot;px&quot;,&quot;size&quot;:&quot;&quot;,&quot;sizes&quot;:[]},&quot;element_pack_global_tooltip_padding&quot;:{&quot;unit&quot;:&quot;px&quot;,&quot;top&quot;:&quot;&quot;,&quot;right&quot;:&quot;&quot;,&quot;bottom&quot;:&quot;&quot;,&quot;left&quot;:&quot;&quot;,&quot;isLinked&quot;:true},&quot;element_pack_global_tooltip_padding_tablet&quot;:{&quot;unit&quot;:&quot;px&quot;,&quot;top&quot;:&quot;&quot;,&quot;right&quot;:&quot;&quot;,&quot;bottom&quot;:&quot;&quot;,&quot;left&quot;:&quot;&quot;,&quot;isLinked&quot;:true},&quot;element_pack_global_tooltip_padding_mobile&quot;:{&quot;unit&quot;:&quot;px&quot;,&quot;top&quot;:&quot;&quot;,&quot;right&quot;:&quot;&quot;,&quot;bottom&quot;:&quot;&quot;,&quot;left&quot;:&quot;&quot;,&quot;isLinked&quot;:true},&quot;element_pack_global_tooltip_border_radius&quot;:{&quot;unit&quot;:&quot;px&quot;,&quot;top&quot;:&quot;&quot;,&quot;right&quot;:&quot;&quot;,&quot;bottom&quot;:&quot;&quot;,&quot;left&quot;:&quot;&quot;,&quot;isLinked&quot;:true},&quot;element_pack_global_tooltip_border_radius_tablet&quot;:{&quot;unit&quot;:&quot;px&quot;,&quot;top&quot;:&quot;&quot;,&quot;right&quot;:&quot;&quot;,&quot;bottom&quot;:&quot;&quot;,&quot;left&quot;:&quot;&quot;,&quot;isLinked&quot;:true},&quot;element_pack_global_tooltip_border_radius_mobile&quot;:{&quot;unit&quot;:&quot;px&quot;,&quot;top&quot;:&quot;&quot;,&quot;right&quot;:&quot;&quot;,&quot;bottom&quot;:&quot;&quot;,&quot;left&quot;:&quot;&quot;,&quot;isLinked&quot;:true}}\" data-elementor-post-type=\"page\">\n\t\t\t\t\t\t<section data-exad-particle-enable=\"false\" class=\"elementor-section elementor-top-section elementor-element elementor-element-0532a3c elementor-section-boxed elementor-section-height-default elementor-section-height-default exad-parallax-effect-no exad-background-color-change-no exad-glass-effect-no exad-sticky-section-no\" data-id=\"0532a3c\" data-element_type=\"section\" data-e-type=\"section\">\n\t\t\t\t\t\t<div class=\"elementor-container elementor-column-gap-default\">\n\t\t\t\t\t<div class=\"elementor-column elementor-col-100 elementor-top-column elementor-element elementor-element-eaf69aa exad-glass-effect-no exad-sticky-section-no\" data-id=\"eaf69aa\" data-element_type=\"column\" data-e-type=\"column\">\n\t\t\t<div class=\"elementor-widget-wrap elementor-element-populated\">\n\t\t\t\t\t\t<div class=\"elementor-element elementor-element-2f58674 exad-sticky-section-no exad-glass-effect-no elementor-widget elementor-widget-bdt-advanced-heading\" data-id=\"2f58674\" data-element_type=\"widget\" data-e-type=\"widget\" data-widget_type=\"bdt-advanced-heading.default\">\n\t\t\t\t<div class=\"elementor-widget-container\">\n\t\t\t\t\t<div id =\"2f58674\" class=\"bdt-ep-advanced-heading\" data-settings=\"{&quot;titleMultiColor&quot;:&quot;no&quot;}\">\t\t\t<div class=\"bdt-ep-advanced-heading-sub-title\">\n\t\t\t\t<div class=\"bdt-ep-advanced-heading-sub-title-content\">\n\t\t\t\t\t\t\t\t\t\tPiosenka postaci\t\t\t\t\t\t\t\t\t<\/div>\n\t\t\t\t\t\t\t<\/div>\n\t\t\t<h2 class=\"bdt-ep-advanced-heading-title\"><span class=\"bdt-ep-advanced-heading-main-title\"><span class=\"bdt-ep-advanced-heading-main-title-inner\">Happy\u2606\u3066\u3043\u3093\u304f\u308b\/\u7a7a\u30cb\u30e9\u30af\u30ac\u30ad<\/span><\/span><\/h2><\/div>\t\t\t\t<\/div>\n\t\t\t\t<\/div>\n\t\t\t\t\t<\/div>\n\t\t<\/div>\n\t\t\t\t\t<\/div>\n\t\t<\/section>\n\t\t\t\t<section data-exad-particle-enable=\"false\" class=\"elementor-section elementor-top-section elementor-element elementor-element-f09e58a elementor-section-boxed elementor-section-height-default elementor-section-height-default exad-parallax-effect-no exad-background-color-change-no exad-glass-effect-no exad-sticky-section-no\" data-id=\"f09e58a\" data-element_type=\"section\" data-e-type=\"section\">\n\t\t\t\t\t\t<div class=\"elementor-container elementor-column-gap-default\">\n\t\t\t\t\t<div class=\"elementor-column elementor-col-100 elementor-top-column elementor-element elementor-element-2dd442a exad-glass-effect-no exad-sticky-section-no\" data-id=\"2dd442a\" data-element_type=\"column\" data-e-type=\"column\">\n\t\t\t<div class=\"elementor-widget-wrap elementor-element-populated\">\n\t\t\t\t\t\t<div class=\"elementor-element elementor-element-0bf149f exad-sticky-section-no exad-glass-effect-no elementor-widget elementor-widget-image\" data-id=\"0bf149f\" data-element_type=\"widget\" data-e-type=\"widget\" data-widget_type=\"image.default\">\n\t\t\t\t<div class=\"elementor-widget-container\">\n\t\t\t\t\t\t\t\t\t\t\t\t\t\t\t<img fetchpriority=\"high\" decoding=\"async\" width=\"400\" height=\"388\" src=\"https:\/\/tkmr723.moe\/wp-content\/uploads\/2023\/11\/\u304a\u304f\u3055\u307e\u304c\u751f\u5f92\u4f1a\u9577-4-\u30c9\u30e9\u30deCD\u4ed8\u304d\u9650\u5b9a\u7248-jpg.webp\" class=\"attachment-medium_large size-medium_large wp-image-778\" alt=\"\" srcset=\"https:\/\/tkmr723.moe\/wp-content\/uploads\/2023\/11\/\u304a\u304f\u3055\u307e\u304c\u751f\u5f92\u4f1a\u9577-4-\u30c9\u30e9\u30deCD\u4ed8\u304d\u9650\u5b9a\u7248-jpg.webp 400w, https:\/\/tkmr723.moe\/wp-content\/uploads\/2023\/11\/\u304a\u304f\u3055\u307e\u304c\u751f\u5f92\u4f1a\u9577-4-\u30c9\u30e9\u30deCD\u4ed8\u304d\u9650\u5b9a\u7248-jpg-300x291.webp 300w\" sizes=\"(max-width: 400px) 100vw, 400px\" title=\"\">\t\t\t\t\t\t\t\t\t\t\t\t\t\t\t<\/div>\n\t\t\t\t<\/div>\n\t\t\t\t\t<\/div>\n\t\t<\/div>\n\t\t\t\t\t<\/div>\n\t\t<\/section>\n\t\t\t\t<section data-exad-particle-enable=\"false\" class=\"elementor-section elementor-top-section elementor-element elementor-element-70db319 elementor-section-boxed elementor-section-height-default elementor-section-height-default exad-parallax-effect-no exad-background-color-change-no exad-glass-effect-no exad-sticky-section-no\" data-id=\"70db319\" data-element_type=\"section\" data-e-type=\"section\">\n\t\t\t\t\t\t<div class=\"elementor-container elementor-column-gap-default\">\n\t\t\t\t\t<div class=\"elementor-column elementor-col-100 elementor-top-column elementor-element elementor-element-686e022 exad-glass-effect-no exad-sticky-section-no\" data-id=\"686e022\" data-element_type=\"column\" data-e-type=\"column\">\n\t\t\t<div class=\"elementor-widget-wrap elementor-element-populated\">\n\t\t\t\t\t\t<div class=\"elementor-element elementor-element-a3ac051 exad-sticky-section-no exad-glass-effect-no elementor-widget elementor-widget-heading\" data-id=\"a3ac051\" data-element_type=\"widget\" data-e-type=\"widget\" data-widget_type=\"heading.default\">\n\t\t\t\t<div class=\"elementor-widget-container\">\n\t\t\t\t\t<h4 class=\"elementor-heading-title elementor-size-default\">\u7a7a\u30cb\u30e9\u30af\u30ac\u30ad<\/h4>\t\t\t\t<\/div>\n\t\t\t\t<\/div>\n\t\t\t\t<div class=\"elementor-element elementor-element-3683aa1 exad-sticky-section-no exad-glass-effect-no elementor-widget elementor-widget-wp-widget-media_audio\" data-id=\"3683aa1\" data-element_type=\"widget\" data-e-type=\"widget\" data-widget_type=\"wp-widget-media_audio.default\">\n\t\t\t\t<div class=\"elementor-widget-container\">\n\t\t\t\t\t<audio class=\"wp-audio-shortcode\" id=\"audio-918-1\" preload=\"none\" style=\"width: 100%;\" controls=\"controls\"><source type=\"audio\/mpeg\" src=\"https:\/\/www.tkmr723.moe\/wp-content\/uploads\/2023\/11\/\u7a7a\u30cb\u30e9\u30af\u30ac\u30ad.mp3?_=1\" \/><source type=\"audio\/mpeg\" src=\"https:\/\/www.tkmr723.moe\/wp-content\/uploads\/2023\/11\/\u7a7a\u30cb\u30e9\u30af\u30ac\u30ad.mp3?_=1\" \/><a href=\"https:\/\/www.tkmr723.moe\/wp-content\/uploads\/2023\/11\/\u7a7a\u30cb\u30e9\u30af\u30ac\u30ad.mp3\">https:\/\/www.tkmr723.moe\/wp-content\/uploads\/2023\/11\/\u7a7a\u30cb\u30e9\u30af\u30ac\u30ad.mp3<\/a><\/audio>\t\t\t\t<\/div>\n\t\t\t\t<\/div>\n\t\t\t\t\t<\/div>\n\t\t<\/div>\n\t\t\t\t\t<\/div>\n\t\t<\/section>\n\t\t\t\t<section data-exad-particle-enable=\"false\" class=\"elementor-section elementor-top-section elementor-element elementor-element-4251ca0 elementor-section-boxed elementor-section-height-default elementor-section-height-default exad-parallax-effect-no exad-background-color-change-no exad-glass-effect-no exad-sticky-section-no\" data-id=\"4251ca0\" data-element_type=\"section\" data-e-type=\"section\">\n\t\t\t\t\t\t<div class=\"elementor-container elementor-column-gap-default\">\n\t\t\t\t\t<div class=\"elementor-column elementor-col-50 elementor-top-column elementor-element elementor-element-14709b2 exad-glass-effect-no exad-sticky-section-no\" data-id=\"14709b2\" data-element_type=\"column\" data-e-type=\"column\">\n\t\t\t<div class=\"elementor-widget-wrap elementor-element-populated\">\n\t\t\t\t\t\t<div class=\"elementor-element elementor-element-3023b8d exad-sticky-section-no exad-glass-effect-no elementor-widget elementor-widget-text-editor\" data-id=\"3023b8d\" data-element_type=\"widget\" data-e-type=\"widget\" data-widget_type=\"text-editor.default\">\n\t\t\t\t<div class=\"elementor-widget-container\">\n\t\t\t\t\t\t\t\t\t<p>\u3010Data premiery\u3011<br \/>2013\u5e747\u670827\u65e5<\/p><p>\u3010\u51fa\u7248\u5546\u3011<br \/>\u4e00\u8fc5\u793e<\/p><p>\u3010Cena\u3011<br \/>\u00a51,870\uff08\u7a05\u5f8c\uff09<\/p>\t\t\t\t\t\t\t\t<\/div>\n\t\t\t\t<\/div>\n\t\t\t\t\t<\/div>\n\t\t<\/div>\n\t\t\t\t<div class=\"elementor-column elementor-col-50 elementor-top-column elementor-element elementor-element-d723e35 exad-glass-effect-no exad-sticky-section-no\" data-id=\"d723e35\" data-element_type=\"column\" data-e-type=\"column\">\n\t\t\t<div class=\"elementor-widget-wrap\">\n\t\t\t\t\t\t\t<\/div>\n\t\t<\/div>\n\t\t\t\t\t<\/div>\n\t\t<\/section>\n\t\t\t\t<\/div>","protected":false},"excerpt":{"rendered":"<p>\u89d2\u8272\u66f2 Happy\u2606\u3066\u3043\u3093\u304f\u308b\/\u7a7a\u30cb\u30e9\u30af\u30ac\u30ad \u7a7a\u30cb\u30e9\u30af\u30ac\u30ad \u3010\u767c\u552e\u65e5\u671f\u30112013\u5e747\u670827\u65e5 \u3010\u51fa\u7248\u5546\u3011\u4e00\u8fc5\u793e [&hellip;]<\/p>\n","protected":false},"author":1,"featured_media":778,"parent":0,"menu_order":0,"comment_status":"closed","ping_status":"closed","template":"","meta":{"_uag_custom_page_level_css":"","_zb_attr":"","site-sidebar-layout":"no-sidebar","site-content-layout":"page-builder","ast-site-content-layout":"full-width-container","site-content-style":"default","site-sidebar-style":"default","ast-global-header-display":"","ast-banner-title-visibility":"","ast-main-header-display":"","ast-hfb-above-header-display":"","ast-hfb-below-header-display":"","ast-hfb-mobile-header-display":"","site-post-title":"disabled","ast-breadcrumbs-content":"","ast-featured-img":"disabled","footer-sml-layout":"","ast-disable-related-posts":"","theme-transparent-header-meta":"","adv-header-id-meta":"","stick-header-meta":"","header-above-stick-meta":"","header-main-stick-meta":"","header-below-stick-meta":"","astra-migrate-meta-layouts":"set","ast-page-background-enabled":"default","ast-page-background-meta":{"desktop":{"background-color":"","background-image":"","background-repeat":"repeat","background-position":"center center","background-size":"auto","background-attachment":"scroll","background-type":"","background-media":"","overlay-type":"","overlay-color":"","overlay-opacity":"","overlay-gradient":""},"tablet":{"background-color":"","background-image":"","background-repeat":"repeat","background-position":"center center","background-size":"auto","background-attachment":"scroll","background-type":"","background-media":"","overlay-type":"","overlay-color":"","overlay-opacity":"","overlay-gradient":""},"mobile":{"background-color":"","background-image":"","background-repeat":"repeat","background-position":"center center","background-size":"auto","background-attachment":"scroll","background-type":"","background-media":"","overlay-type":"","overlay-color":"","overlay-opacity":"","overlay-gradient":""}},"ast-content-background-meta":{"desktop":{"background-color":"var(--ast-global-color-5)","background-image":"","background-repeat":"repeat","background-position":"center center","background-size":"auto","background-attachment":"scroll","background-type":"","background-media":"","overlay-type":"","overlay-color":"","overlay-opacity":"","overlay-gradient":""},"tablet":{"background-color":"var(--ast-global-color-5)","background-image":"","background-repeat":"repeat","background-position":"center center","background-size":"auto","background-attachment":"scroll","background-type":"","background-media":"","overlay-type":"","overlay-color":"","overlay-opacity":"","overlay-gradient":""},"mobile":{"background-color":"var(--ast-global-color-5)","background-image":"","background-repeat":"repeat","background-position":"center center","background-size":"auto","background-attachment":"scroll","background-type":"","background-media":"","overlay-type":"","overlay-color":"","overlay-opacity":"","overlay-gradient":""}},"_vp_format_video_url":"","_vp_image_focal_point":[],"_vp_custom_popup_image":0,"_vp_format_audio_url":"","_vp_album_images":[],"_vp_custom_thumbnail":0,"_vp_custom_thumbnail_focal_point":[],"_vp_custom_thumbnail_cover":0,"_vp_hover_thumbnail":0,"_vp_hover_thumbnail_focal_point":[],"zolo_post_video_link":"","footnotes":""},"class_list":["post-918","page","type-page","status-publish","has-post-thumbnail","hentry"],"uagb_featured_image_src":{"full":["https:\/\/tkmr723.moe\/wp-content\/uploads\/2023\/11\/\u304a\u304f\u3055\u307e\u304c\u751f\u5f92\u4f1a\u9577-4-\u30c9\u30e9\u30deCD\u4ed8\u304d\u9650\u5b9a\u7248-jpg.webp",400,388,false],"thumbnail":["https:\/\/tkmr723.moe\/wp-content\/uploads\/2023\/11\/\u304a\u304f\u3055\u307e\u304c\u751f\u5f92\u4f1a\u9577-4-\u30c9\u30e9\u30deCD\u4ed8\u304d\u9650\u5b9a\u7248-jpg-150x150.webp",150,150,true],"medium":["https:\/\/tkmr723.moe\/wp-content\/uploads\/2023\/11\/\u304a\u304f\u3055\u307e\u304c\u751f\u5f92\u4f1a\u9577-4-\u30c9\u30e9\u30deCD\u4ed8\u304d\u9650\u5b9a\u7248-jpg-300x291.webp",300,291,true],"medium_large":["https:\/\/tkmr723.moe\/wp-content\/uploads\/2023\/11\/\u304a\u304f\u3055\u307e\u304c\u751f\u5f92\u4f1a\u9577-4-\u30c9\u30e9\u30deCD\u4ed8\u304d\u9650\u5b9a\u7248-jpg.webp",400,388,false],"large":["https:\/\/tkmr723.moe\/wp-content\/uploads\/2023\/11\/\u304a\u304f\u3055\u307e\u304c\u751f\u5f92\u4f1a\u9577-4-\u30c9\u30e9\u30deCD\u4ed8\u304d\u9650\u5b9a\u7248-jpg.webp",400,388,false],"thumblist":["https:\/\/tkmr723.moe\/wp-content\/uploads\/2023\/11\/\u304a\u304f\u3055\u307e\u304c\u751f\u5f92\u4f1a\u9577-4-\u30c9\u30e9\u30deCD\u4ed8\u304d\u9650\u5b9a\u7248-jpg.webp",300,291,false],"thumbrelated":["https:\/\/tkmr723.moe\/wp-content\/uploads\/2023\/11\/\u304a\u304f\u3055\u307e\u304c\u751f\u5f92\u4f1a\u9577-4-\u30c9\u30e9\u30deCD\u4ed8\u304d\u9650\u5b9a\u7248-jpg.webp",400,388,false],"meccarouselthumb":["https:\/\/tkmr723.moe\/wp-content\/uploads\/2023\/11\/\u304a\u304f\u3055\u307e\u304c\u751f\u5f92\u4f1a\u9577-4-\u30c9\u30e9\u30deCD\u4ed8\u304d\u9650\u5b9a\u7248-jpg.webp",334,324,false],"gridsquare":["https:\/\/tkmr723.moe\/wp-content\/uploads\/2023\/11\/\u304a\u304f\u3055\u307e\u304c\u751f\u5f92\u4f1a\u9577-4-\u30c9\u30e9\u30deCD\u4ed8\u304d\u9650\u5b9a\u7248-jpg.webp",268,260,false],"tileview":["https:\/\/tkmr723.moe\/wp-content\/uploads\/2023\/11\/\u304a\u304f\u3055\u307e\u304c\u751f\u5f92\u4f1a\u9577-4-\u30c9\u30e9\u30deCD\u4ed8\u304d\u9650\u5b9a\u7248-jpg.webp",300,291,false],"1536x1536":["https:\/\/tkmr723.moe\/wp-content\/uploads\/2023\/11\/\u304a\u304f\u3055\u307e\u304c\u751f\u5f92\u4f1a\u9577-4-\u30c9\u30e9\u30deCD\u4ed8\u304d\u9650\u5b9a\u7248-jpg.webp",400,388,false],"2048x2048":["https:\/\/tkmr723.moe\/wp-content\/uploads\/2023\/11\/\u304a\u304f\u3055\u307e\u304c\u751f\u5f92\u4f1a\u9577-4-\u30c9\u30e9\u30deCD\u4ed8\u304d\u9650\u5b9a\u7248-jpg.webp",400,388,false],"trp-custom-language-flag":["https:\/\/tkmr723.moe\/wp-content\/uploads\/2023\/11\/\u304a\u304f\u3055\u307e\u304c\u751f\u5f92\u4f1a\u9577-4-\u30c9\u30e9\u30deCD\u4ed8\u304d\u9650\u5b9a\u7248-jpg.webp",12,12,false],"vp_sm":["https:\/\/tkmr723.moe\/wp-content\/uploads\/2023\/11\/\u304a\u304f\u3055\u307e\u304c\u751f\u5f92\u4f1a\u9577-4-\u30c9\u30e9\u30deCD\u4ed8\u304d\u9650\u5b9a\u7248-jpg.webp",400,388,false],"vp_md":["https:\/\/tkmr723.moe\/wp-content\/uploads\/2023\/11\/\u304a\u304f\u3055\u307e\u304c\u751f\u5f92\u4f1a\u9577-4-\u30c9\u30e9\u30deCD\u4ed8\u304d\u9650\u5b9a\u7248-jpg.webp",400,388,false],"vp_lg":["https:\/\/tkmr723.moe\/wp-content\/uploads\/2023\/11\/\u304a\u304f\u3055\u307e\u304c\u751f\u5f92\u4f1a\u9577-4-\u30c9\u30e9\u30deCD\u4ed8\u304d\u9650\u5b9a\u7248-jpg.webp",400,388,false],"vp_xl":["https:\/\/tkmr723.moe\/wp-content\/uploads\/2023\/11\/\u304a\u304f\u3055\u307e\u304c\u751f\u5f92\u4f1a\u9577-4-\u30c9\u30e9\u30deCD\u4ed8\u304d\u9650\u5b9a\u7248-jpg.webp",400,388,false],"vp_sm_popup":["https:\/\/tkmr723.moe\/wp-content\/uploads\/2023\/11\/\u304a\u304f\u3055\u307e\u304c\u751f\u5f92\u4f1a\u9577-4-\u30c9\u30e9\u30deCD\u4ed8\u304d\u9650\u5b9a\u7248-jpg.webp",400,388,false],"vp_md_popup":["https:\/\/tkmr723.moe\/wp-content\/uploads\/2023\/11\/\u304a\u304f\u3055\u307e\u304c\u751f\u5f92\u4f1a\u9577-4-\u30c9\u30e9\u30deCD\u4ed8\u304d\u9650\u5b9a\u7248-jpg.webp",400,388,false],"vp_xl_popup":["https:\/\/tkmr723.moe\/wp-content\/uploads\/2023\/11\/\u304a\u304f\u3055\u307e\u304c\u751f\u5f92\u4f1a\u9577-4-\u30c9\u30e9\u30deCD\u4ed8\u304d\u9650\u5b9a\u7248-jpg.webp",400,388,false]},"uagb_author_info":{"display_name":"admin","author_link":"https:\/\/tkmr723.moe\/pl\/author\/admin\/"},"uagb_comment_info":0,"uagb_excerpt":"\u89d2\u8272\u66f2 Happy\u2606\u3066\u3043\u3093\u304f\u308b\/\u7a7a\u30cb\u30e9\u30af\u30ac\u30ad \u7a7a\u30cb\u30e9\u30af\u30ac\u30ad \u3010\u767c\u552e\u65e5\u671f\u30112013\u5e747\u670827\u65e5 \u3010\u51fa\u7248\u5546\u3011\u4e00\u8fc5\u793e&hellip;","jetpack_sharing_enabled":true,"jetpack-related-posts":[{"id":1092,"url":"https:\/\/tkmr723.moe\/pl\/kaiyari5-drama-cd\/","url_meta":{"origin":918,"position":0},"title":"\u56de\u5fa9\u8853\u58eb\u306e\u3084\u308a\u76f4\u30575-\uff5e\u5373\u6b7b\u9b54\u6cd5\u3068\u30b9\u30ad\u30eb\u30b3\u30d4\u30fc\u306e\u8d85\u8d8a\u30d2\u30fc\u30eb\uff5e\u3000\u30aa\u30ea\u30b8\u30ca\u30eb\u30c9\u30e9\u30deCD\u4ed8\u304d\u540c\u68b1\u7248","author":"admin","date":"2023\u5e7412\u67089\u65e5","format":false,"excerpt":"\u5ee3\u64ad\u5287CD \u56de\u5fa9\u8853\u58eb\u306e\u3084\u308a\u76f4\u30575-\uff5e\u5373\u6b7b\u9b54\u6cd5\u3068\u30b9\u30ad\u30eb\u30b3\u30d4\u30fc\u306e\u8d85\u8d8a\u30d2\u30fc\u30eb\uff5e\u3000\u30aa\u30ea\u30b8\u30ca\u30eb\u30c9\u30e9\u30deCD\u4ed8\u304d\u540c\u2026","rel":"","context":"Podobny wpis","block_context":{"text":"Podobny wpis","link":""},"img":{"alt_text":"","src":"https:\/\/i0.wp.com\/tkmr723.moe\/wp-content\/uploads\/2023\/12\/%E5%9B%9E%E5%BE%A9%E8%A1%93%E5%A3%AB%E3%81%AE%E3%82%84%E3%82%8A%E7%9B%B4%E3%81%975-%E5%8D%B3%E6%AD%BB%E9%AD%94%E6%B3%95%E3%81%A8%E3%82%B9%E3%82%AD%E3%83%AB%E3%82%B3%E3%83%94%E3%83%BC%E3%81%AE%E8%B6%85%E8%B6%8A%E3%83%92%E3%83%BC%E3%83%AB%E3%80%80%E3%82%AA%E3%83%AA%E3%82%B8%E3%83%8A%E3%83%AB%E3%83%89%E3%83%A9%E3%83%9ECD%E4%BB%98%E3%81%8D%E5%90%8C%E6%A2%B1%E7%89%88.jpg?resize=350%2C200&ssl=1","width":350,"height":200},"classes":[]},{"id":1068,"url":"https:\/\/tkmr723.moe\/pl\/usuitokanojo\/","url_meta":{"origin":918,"position":1},"title":"Usui, ona i Roksan \u2013 Ostatnia noc, \u015bwiat\u0142o pocz\u0105tku","author":"admin","date":"2023\u5e7412\u670810\u65e5","format":false,"excerpt":"\u5ee3\u64ad\u5287CD \u7893\u6c37\u3068\u5f7c\u5973\u3068\u30ed\u30af\u30b5\u30f3\u306e\u3002\u6700\u5f8c\u306e\u591c\u59cb\u307e\u308a\u306e\u706f \u7893\u6c37\u3068\u5f7c\u5973\u3068\u30ed\u30af\u30b5\u30f3\u306e\u3002-\u6700\u5f8c\u306e\u591c=\u59cb\u307e\u308a\u306e\u2026","rel":"","context":"Podobny wpis","block_context":{"text":"Podobny wpis","link":""},"img":{"alt_text":"","src":"https:\/\/i0.wp.com\/tkmr723.moe\/wp-content\/uploads\/2023\/12\/%E7%A2%93%E6%B0%B7%E3%81%A8%E5%BD%BC%E5%A5%B3%E3%81%A8%E3%83%AD%E3%82%AF%E3%82%B5%E3%83%B3%E3%81%AE-%E6%9C%80%E5%BE%8C%E3%81%AE%E5%A4%9C%E5%A7%8B%E3%81%BE%E3%82%8A%E3%81%AE%E7%81%AF.jpg?resize=350%2C200&ssl=1","width":350,"height":200},"classes":[]},{"id":1072,"url":"https:\/\/tkmr723.moe\/pl\/lily-crycle-rs-pd-1\/","url_meta":{"origin":918,"position":2},"title":"Ririkuru Rainbow Stage!!! ~Pure Dessert~ Vol.1: \u201eRefren zakochania\u201d","author":"admin","date":"2023\u5e7412\u670813\u65e5","format":false,"excerpt":"\u5ee3\u64ad\u5287CD \u308a\u308a\u304f\u308b Rainbow Stage!!! ~Pure Dessert~ Vol.1\u300e\u604b\u2026","rel":"","context":"Podobny wpis","block_context":{"text":"Podobny wpis","link":""},"img":{"alt_text":"","src":"https:\/\/i0.wp.com\/tkmr723.moe\/wp-content\/uploads\/2023\/12\/%E3%82%8A%E3%82%8A%E3%81%8F%E3%82%8B-Rainbow-Stage-Pure-Dessert-Vol1-%E6%81%8B%E5%BF%83%E3%83%AA%E3%83%95%E3%83%AC%E3%82%A4%E3%83%B3.jpg?resize=350%2C200&ssl=1","width":350,"height":200},"classes":[]},{"id":1158,"url":"https:\/\/tkmr723.moe\/pl\/the-reincarnation-of-maidens-trajectory\/","url_meta":{"origin":918,"position":3},"title":"\u5c11\u5973\u8ecc\u9053\u306e\u30ea\u30e6\u30cb\u30aa\u30f3 &#8211; the Reincarnation of Maiden&#8217;s trajectory","author":"admin","date":"2023\u5e7412\u67087\u65e5","format":false,"excerpt":"\u5ee3\u64ad\u5287CD \u5c11\u5973\u8ecc\u9053\u306e\u30ea\u30e6\u30cb\u30aa\u30f3 \u2013 the Reincarnation of Maiden\u2019s t\u2026","rel":"","context":"Podobny wpis","block_context":{"text":"Podobny wpis","link":""},"img":{"alt_text":"","src":"https:\/\/i0.wp.com\/tkmr723.moe\/wp-content\/uploads\/2023\/12\/%E5%B0%91%E5%A5%B3%E8%BB%8C%E9%81%93%E3%81%AE%E3%83%AA%E3%83%A6%E3%83%8B%E3%82%AA%E3%83%B3-the-Reincarnation-of-Maidens-trajectory.jpg?resize=350%2C200&ssl=1","width":350,"height":200},"classes":[]},{"id":881,"url":"https:\/\/tkmr723.moe\/pl\/shiinamashirono\/","url_meta":{"origin":918,"position":4},"title":"\u201ePi\u0119kna dziewczyna z akademika Sakura\u201d \u2013 Pierwsza opieka Shiiny Mashiro","author":"admin","date":"2023\u5e7412\u670821\u65e5","format":false,"excerpt":"\u5ee3\u64ad\u5287CD \u300c\u3055\u304f\u3089\u8358\u306e\u30da\u30c3\u30c8\u306a\u5f7c\u5973\u300d\u690e\u540d\u307e\u3057\u308d\u306e\u306f\u3058\u3081\u3066\u306e\u304a\u4e16\u8a71 \u3010\u767c\u552e\u65e5\u671f\u3011 2012\u5e746\u670828\u2026","rel":"","context":"Podobny wpis","block_context":{"text":"Podobny wpis","link":""},"img":{"alt_text":"","src":"https:\/\/i0.wp.com\/tkmr723.moe\/wp-content\/uploads\/2023\/11\/%E3%80%8C%E3%81%95%E3%81%8F%E3%82%89%E8%8D%98%E3%81%AE%E3%83%9A%E3%83%83%E3%83%88%E3%81%AA%E5%BD%BC%E5%A5%B3%E3%80%8D%E6%A4%8E%E5%90%8D%E3%81%BE%E3%81%97%E3%82%8D%E3%81%AE%E3%81%AF%E3%81%98%E3%82%81%E3%81%A6%E3%81%AE%E3%81%8A%E4%B8%96%E8%A9%B1-300x300-1-jpg.webp?resize=350%2C200","width":350,"height":200},"classes":[]}],"jetpack_shortlink":"https:\/\/wp.me\/PbfjlX-eO","_links":{"self":[{"href":"https:\/\/tkmr723.moe\/pl\/wp-json\/wp\/v2\/pages\/918","targetHints":{"allow":["GET"]}}],"collection":[{"href":"https:\/\/tkmr723.moe\/pl\/wp-json\/wp\/v2\/pages"}],"about":[{"href":"https:\/\/tkmr723.moe\/pl\/wp-json\/wp\/v2\/types\/page"}],"author":[{"embeddable":true,"href":"https:\/\/tkmr723.moe\/pl\/wp-json\/wp\/v2\/users\/1"}],"replies":[{"embeddable":true,"href":"https:\/\/tkmr723.moe\/pl\/wp-json\/wp\/v2\/comments?post=918"}],"version-history":[{"count":0,"href":"https:\/\/tkmr723.moe\/pl\/wp-json\/wp\/v2\/pages\/918\/revisions"}],"wp:featuredmedia":[{"embeddable":true,"href":"https:\/\/tkmr723.moe\/pl\/wp-json\/wp\/v2\/media\/778"}],"wp:attachment":[{"href":"https:\/\/tkmr723.moe\/pl\/wp-json\/wp\/v2\/media?parent=918"}],"curies":[{"name":"wp","href":"https:\/\/api.w.org\/{rel}","templated":true}]}}