{"id":873,"date":"2023-12-21T19:36:47","date_gmt":"2023-12-21T11:36:47","guid":{"rendered":"https:\/\/www.tkmr723.moe\/?page_id=873"},"modified":"2023-12-21T19:36:47","modified_gmt":"2023-12-21T11:36:47","slug":"oreshura-drama-cd-2","status":"publish","type":"page","link":"https:\/\/tkmr723.moe\/sc\/oreshura-drama-cd-2\/","title":{"rendered":"\u30c9\u30e9\u30deCD \u4ffa\u306e\u5f7c\u5973\u3068\u5e7c\u306a\u3058\u307f\u304c\u4fee\u7f57\u573a\u3059\u304e\u308b\u7b2c\u4e8c\u5dfb"},"content":{"rendered":"<div data-elementor-type=\"wp-page\" data-elementor-id=\"873\" class=\"elementor elementor-873\" data-elementor-settings=\"{&quot;element_pack_global_tooltip_width&quot;:{&quot;unit&quot;:&quot;px&quot;,&quot;size&quot;:&quot;&quot;,&quot;sizes&quot;:[]},&quot;element_pack_global_tooltip_width_tablet&quot;:{&quot;unit&quot;:&quot;px&quot;,&quot;size&quot;:&quot;&quot;,&quot;sizes&quot;:[]},&quot;element_pack_global_tooltip_width_mobile&quot;:{&quot;unit&quot;:&quot;px&quot;,&quot;size&quot;:&quot;&quot;,&quot;sizes&quot;:[]},&quot;element_pack_global_tooltip_padding&quot;:{&quot;unit&quot;:&quot;px&quot;,&quot;top&quot;:&quot;&quot;,&quot;right&quot;:&quot;&quot;,&quot;bottom&quot;:&quot;&quot;,&quot;left&quot;:&quot;&quot;,&quot;isLinked&quot;:true},&quot;element_pack_global_tooltip_padding_tablet&quot;:{&quot;unit&quot;:&quot;px&quot;,&quot;top&quot;:&quot;&quot;,&quot;right&quot;:&quot;&quot;,&quot;bottom&quot;:&quot;&quot;,&quot;left&quot;:&quot;&quot;,&quot;isLinked&quot;:true},&quot;element_pack_global_tooltip_padding_mobile&quot;:{&quot;unit&quot;:&quot;px&quot;,&quot;top&quot;:&quot;&quot;,&quot;right&quot;:&quot;&quot;,&quot;bottom&quot;:&quot;&quot;,&quot;left&quot;:&quot;&quot;,&quot;isLinked&quot;:true},&quot;element_pack_global_tooltip_border_radius&quot;:{&quot;unit&quot;:&quot;px&quot;,&quot;top&quot;:&quot;&quot;,&quot;right&quot;:&quot;&quot;,&quot;bottom&quot;:&quot;&quot;,&quot;left&quot;:&quot;&quot;,&quot;isLinked&quot;:true},&quot;element_pack_global_tooltip_border_radius_tablet&quot;:{&quot;unit&quot;:&quot;px&quot;,&quot;top&quot;:&quot;&quot;,&quot;right&quot;:&quot;&quot;,&quot;bottom&quot;:&quot;&quot;,&quot;left&quot;:&quot;&quot;,&quot;isLinked&quot;:true},&quot;element_pack_global_tooltip_border_radius_mobile&quot;:{&quot;unit&quot;:&quot;px&quot;,&quot;top&quot;:&quot;&quot;,&quot;right&quot;:&quot;&quot;,&quot;bottom&quot;:&quot;&quot;,&quot;left&quot;:&quot;&quot;,&quot;isLinked&quot;:true}}\" data-elementor-post-type=\"page\">\n\t\t\t\t\t\t<section data-exad-particle-enable=\"false\" class=\"elementor-section elementor-top-section elementor-element elementor-element-0532a3c elementor-section-boxed elementor-section-height-default elementor-section-height-default exad-parallax-effect-no exad-background-color-change-no exad-glass-effect-no exad-sticky-section-no\" data-id=\"0532a3c\" data-element_type=\"section\" data-e-type=\"section\">\n\t\t\t\t\t\t<div class=\"elementor-container elementor-column-gap-default\">\n\t\t\t\t\t<div class=\"elementor-column elementor-col-100 elementor-top-column elementor-element elementor-element-eaf69aa exad-glass-effect-no exad-sticky-section-no\" data-id=\"eaf69aa\" data-element_type=\"column\" data-e-type=\"column\">\n\t\t\t<div class=\"elementor-widget-wrap elementor-element-populated\">\n\t\t\t\t\t\t<div class=\"elementor-element elementor-element-2f58674 exad-sticky-section-no exad-glass-effect-no elementor-widget elementor-widget-bdt-advanced-heading\" data-id=\"2f58674\" data-element_type=\"widget\" data-e-type=\"widget\" data-widget_type=\"bdt-advanced-heading.default\">\n\t\t\t\t<div class=\"elementor-widget-container\">\n\t\t\t\t\t<div id =\"2f58674\" class=\"bdt-ep-advanced-heading\" data-settings=\"{&quot;titleMultiColor&quot;:&quot;no&quot;}\">\t\t\t<div class=\"bdt-ep-advanced-heading-sub-title\">\n\t\t\t\t<div class=\"bdt-ep-advanced-heading-sub-title-content\">\n\t\t\t\t\t\t\t\t\t\t\u5e7f\u64ad\u5267CD\t\t\t\t\t\t\t\t\t<\/div>\n\t\t\t\t\t\t\t<\/div>\n\t\t\t<h2 class=\"bdt-ep-advanced-heading-title\"><span class=\"bdt-ep-advanced-heading-main-title\"><span class=\"bdt-ep-advanced-heading-main-title-inner\">\u30c9\u30e9\u30deCD \u4ffa\u306e\u5f7c\u5973\u3068\u5e7c\u306a\u3058\u307f\u304c\u4fee\u7f57\u573a\u3059\u304e\u308b\u7b2c\u4e8c\u5dfb<\/span><\/span><\/h2><\/div>\t\t\t\t<\/div>\n\t\t\t\t<\/div>\n\t\t\t\t\t<\/div>\n\t\t<\/div>\n\t\t\t\t\t<\/div>\n\t\t<\/section>\n\t\t\t\t<section data-exad-particle-enable=\"false\" class=\"elementor-section elementor-top-section elementor-element elementor-element-f09e58a elementor-section-boxed elementor-section-height-default elementor-section-height-default exad-parallax-effect-no exad-background-color-change-no exad-glass-effect-no exad-sticky-section-no\" data-id=\"f09e58a\" data-element_type=\"section\" data-e-type=\"section\">\n\t\t\t\t\t\t<div class=\"elementor-container elementor-column-gap-default\">\n\t\t\t\t\t<div class=\"elementor-column elementor-col-100 elementor-top-column elementor-element elementor-element-2dd442a exad-glass-effect-no exad-sticky-section-no\" data-id=\"2dd442a\" data-element_type=\"column\" data-e-type=\"column\">\n\t\t\t<div class=\"elementor-widget-wrap elementor-element-populated\">\n\t\t\t\t\t\t<div class=\"elementor-element elementor-element-0bf149f exad-sticky-section-no exad-glass-effect-no elementor-widget elementor-widget-image\" data-id=\"0bf149f\" data-element_type=\"widget\" data-e-type=\"widget\" data-widget_type=\"image.default\">\n\t\t\t\t<div class=\"elementor-widget-container\">\n\t\t\t\t\t\t\t\t\t\t\t\t\t\t\t<img fetchpriority=\"high\" decoding=\"async\" width=\"500\" height=\"440\" src=\"https:\/\/tkmr723.moe\/wp-content\/uploads\/2023\/11\/51zurHd7mSL-jpg.webp\" class=\"attachment-medium_large size-medium_large wp-image-763\" alt=\"\" srcset=\"https:\/\/tkmr723.moe\/wp-content\/uploads\/2023\/11\/51zurHd7mSL-jpg.webp 500w, https:\/\/tkmr723.moe\/wp-content\/uploads\/2023\/11\/51zurHd7mSL-jpg-300x264.webp 300w\" sizes=\"(max-width: 500px) 100vw, 500px\" title=\"\">\t\t\t\t\t\t\t\t\t\t\t\t\t\t\t<\/div>\n\t\t\t\t<\/div>\n\t\t\t\t\t<\/div>\n\t\t<\/div>\n\t\t\t\t\t<\/div>\n\t\t<\/section>\n\t\t\t\t<section data-exad-particle-enable=\"false\" class=\"elementor-section elementor-top-section elementor-element elementor-element-4251ca0 elementor-section-boxed elementor-section-height-default elementor-section-height-default exad-parallax-effect-no exad-background-color-change-no exad-glass-effect-no exad-sticky-section-no\" data-id=\"4251ca0\" data-element_type=\"section\" data-e-type=\"section\">\n\t\t\t\t\t\t<div class=\"elementor-container elementor-column-gap-default\">\n\t\t\t\t\t<div class=\"elementor-column elementor-col-50 elementor-top-column elementor-element elementor-element-14709b2 exad-glass-effect-no exad-sticky-section-no\" data-id=\"14709b2\" data-element_type=\"column\" data-e-type=\"column\">\n\t\t\t<div class=\"elementor-widget-wrap elementor-element-populated\">\n\t\t\t\t\t\t<div class=\"elementor-element elementor-element-3023b8d exad-sticky-section-no exad-glass-effect-no elementor-widget elementor-widget-text-editor\" data-id=\"3023b8d\" data-element_type=\"widget\" data-e-type=\"widget\" data-widget_type=\"text-editor.default\">\n\t\t\t\t<div class=\"elementor-widget-container\">\n\t\t\t\t\t\t\t\t\t<p>\u3010\u76ee\u5f55\u7f16\u53f7\u3011<br \/>HBDC-097<\/p><p>\u3010\u53d1\u552e\u65e5\u671f\u3011<br \/>2011\u5e7410\u670828\u65e5<\/p><p>\u3010\u8d29\u5356\u5546\u3011<br \/>HOBiRECORDS<\/p><p>\u3010\u5b9a\u4ef7\u3011<br \/>\u00a53,520\uff08\u7a0e\u540e\uff09<\/p>\t\t\t\t\t\t\t\t<\/div>\n\t\t\t\t<\/div>\n\t\t\t\t\t<\/div>\n\t\t<\/div>\n\t\t\t\t<div class=\"elementor-column elementor-col-50 elementor-top-column elementor-element elementor-element-d723e35 exad-glass-effect-no exad-sticky-section-no\" data-id=\"d723e35\" data-element_type=\"column\" data-e-type=\"column\">\n\t\t\t<div class=\"elementor-widget-wrap elementor-element-populated\">\n\t\t\t\t\t\t<div class=\"elementor-element elementor-element-c503864 exad-sticky-section-no exad-glass-effect-no elementor-widget elementor-widget-text-editor\" data-id=\"c503864\" data-element_type=\"widget\" data-e-type=\"widget\" data-widget_type=\"text-editor.default\">\n\t\t\t\t<div class=\"elementor-widget-container\">\n\t\t\t\t\t\t\t\t\t<p>\u3010\u6536\u5f55\u5185\u5bb9\u3011<br \/>1.\u300c\u3051\u3044\u304a\u3093\u304c\u304f\u3067\u4fee\u7f57\u573a\u300d<br \/>2.\u300c\u30b9\u30ab\u30fc\u30c8\u306e\u4e2d\u306f\u4fee\u7f57\u573a\u300d<br \/>3.\u300c\u30ad\u30df\u306e\u524d\u4e16\u306f\u4fee\u7f57\u573a\u300d<br \/>4.\u300c\u7537\u306e\u6226\u3044\u306f\u4fee\u7f57\u573a\u300d<br \/>5.\u300c\u521d\u3081\u3066\u306e\u00d7\u00d7\u00d7\u3067\u4fee\u7f57\u573a\u300d<br \/>6.\u300c\u30a8\u30d4\u30ed\u30fc\u30b0\u306a\u306e\u306b\u5bb9\u8d66\u306a\u304f\u4fee\u7f57\u573a\u300d<br \/>7.\u300camazon\u3067\u3057\u304b\u8aad\u3081\u306a\u3044\u201d\u4fee\u7f57\u573a\u201d\u5165\u95e8\u7f16\u300d<\/p>\t\t\t\t\t\t\t\t<\/div>\n\t\t\t\t<\/div>\n\t\t\t\t\t<\/div>\n\t\t<\/div>\n\t\t\t\t\t<\/div>\n\t\t<\/section>\n\t\t\t\t<\/div>","protected":false},"excerpt":{"rendered":"<p>\u5ee3\u64ad\u5287CD \u30c9\u30e9\u30deCD \u4ffa\u306e\u5f7c\u5973\u3068\u5e7c\u306a\u3058\u307f\u304c\u4fee\u7f85\u5834\u3059\u304e\u308b \u7b2c\u4e8c\u5dfb \u3010\u76ee\u9304\u7de8\u865f\u3011HBDC-097 \u3010\u767c\u552e\u65e5\u671f\u30112 [&hellip;]<\/p>\n","protected":false},"author":1,"featured_media":763,"parent":0,"menu_order":0,"comment_status":"closed","ping_status":"closed","template":"","meta":{"_uag_custom_page_level_css":"","postBodyCss":"","postBodyMargin":[],"postBodyPadding":[],"postBodyBackground":{"backgroundType":"classic","gradient":""},"enableOnePageScrollInPage":false,"onePageScrollCss":"","onePageScrollSpeed":1000,"onePageScrollAnimation":"easeInOutQuad","onePageScrollShowDotNavigation":true,"onePageScrollNavigation":"scaleUp","onePageScrollNavigationPosition":"right","onePageScrollNavigationHorizontal":[],"onePageScrollNavigationVertical":[],"onePageScrollNavigationSpacing":[],"onePageScrollNavigationColor":"#00ff0d","onePageScrollNavigationColorHover":"#00ff0d","onePageScrollNavigationColorActive":"#00ff0d","onePageScrollNavigationIcon":[],"onePageScrollNavigationWidth":[],"onePageScrollNavigationWidthHover":[],"onePageScrollNavigationWidthActive":[],"onePageScrollNavigationHeight":[],"onePageScrollNavigationHeightHover":[],"onePageScrollNavigationHeightActive":[],"onePageScrollNavigationBorder":[],"onePageScrollNavigationBorderHover":[],"onePageScrollNavigationBorderActive":[],"onePageScrollNavigationBorderRadius":[],"onePageScrollNavigationBorderRadiusHover":[],"onePageScrollNavigationBorderRadiusActive":[],"onePageScrollNavigationTooltipTypography":[],"onePageScrollNavigationTooltipColor":"#ffffff","onePageScrollNavigationTooltipColorHover":"","onePageScrollNavigationTooltipBgColor":"#00ff0d","onePageScrollNavigationTooltipBgColorHover":"","onePageScrollNavigationTooltipPadding":[],"onePageScrollNavigationTooltipPaddingHover":[],"onePageScrollNavigationTooltipBorderRadius":[],"onePageScrollNavigationTooltipBorderRadiusHover":[],"pageSettingsCustomCss":"","_zb_attr":"","site-sidebar-layout":"no-sidebar","site-content-layout":"page-builder","ast-site-content-layout":"full-width-container","site-content-style":"default","site-sidebar-style":"default","ast-global-header-display":"","ast-banner-title-visibility":"","ast-main-header-display":"","ast-hfb-above-header-display":"","ast-hfb-below-header-display":"","ast-hfb-mobile-header-display":"","site-post-title":"disabled","ast-breadcrumbs-content":"","ast-featured-img":"disabled","footer-sml-layout":"","ast-disable-related-posts":"","theme-transparent-header-meta":"","adv-header-id-meta":"","stick-header-meta":"","header-above-stick-meta":"","header-main-stick-meta":"","header-below-stick-meta":"","astra-migrate-meta-layouts":"set","ast-page-background-enabled":"default","ast-page-background-meta":{"desktop":{"background-color":"","background-image":"","background-repeat":"repeat","background-position":"center center","background-size":"auto","background-attachment":"scroll","background-type":"","background-media":"","overlay-type":"","overlay-color":"","overlay-opacity":"","overlay-gradient":""},"tablet":{"background-color":"","background-image":"","background-repeat":"repeat","background-position":"center center","background-size":"auto","background-attachment":"scroll","background-type":"","background-media":"","overlay-type":"","overlay-color":"","overlay-opacity":"","overlay-gradient":""},"mobile":{"background-color":"","background-image":"","background-repeat":"repeat","background-position":"center center","background-size":"auto","background-attachment":"scroll","background-type":"","background-media":"","overlay-type":"","overlay-color":"","overlay-opacity":"","overlay-gradient":""}},"ast-content-background-meta":{"desktop":{"background-color":"var(--ast-global-color-5)","background-image":"","background-repeat":"repeat","background-position":"center center","background-size":"auto","background-attachment":"scroll","background-type":"","background-media":"","overlay-type":"","overlay-color":"","overlay-opacity":"","overlay-gradient":""},"tablet":{"background-color":"var(--ast-global-color-5)","background-image":"","background-repeat":"repeat","background-position":"center center","background-size":"auto","background-attachment":"scroll","background-type":"","background-media":"","overlay-type":"","overlay-color":"","overlay-opacity":"","overlay-gradient":""},"mobile":{"background-color":"var(--ast-global-color-5)","background-image":"","background-repeat":"repeat","background-position":"center center","background-size":"auto","background-attachment":"scroll","background-type":"","background-media":"","overlay-type":"","overlay-color":"","overlay-opacity":"","overlay-gradient":""}},"_vp_format_video_url":"","_vp_image_focal_point":[],"_vp_custom_popup_image":0,"_vp_format_audio_url":"","_vp_album_images":[],"_vp_custom_thumbnail":0,"_vp_custom_thumbnail_focal_point":[],"_vp_custom_thumbnail_cover":0,"_vp_hover_thumbnail":0,"_vp_hover_thumbnail_focal_point":[],"zolo_post_video_link":"","footnotes":""},"class_list":["post-873","page","type-page","status-publish","has-post-thumbnail","hentry"],"uagb_featured_image_src":{"full":["https:\/\/tkmr723.moe\/wp-content\/uploads\/2023\/11\/51zurHd7mSL-jpg.webp",500,440,false],"thumbnail":["https:\/\/tkmr723.moe\/wp-content\/uploads\/2023\/11\/51zurHd7mSL-jpg-150x150.webp",150,150,true],"medium":["https:\/\/tkmr723.moe\/wp-content\/uploads\/2023\/11\/51zurHd7mSL-jpg-300x264.webp",300,264,true],"medium_large":["https:\/\/tkmr723.moe\/wp-content\/uploads\/2023\/11\/51zurHd7mSL-jpg.webp",500,440,false],"large":["https:\/\/tkmr723.moe\/wp-content\/uploads\/2023\/11\/51zurHd7mSL-jpg.webp",500,440,false],"thumblist":["https:\/\/tkmr723.moe\/wp-content\/uploads\/2023\/11\/51zurHd7mSL-jpg.webp",300,264,false],"thumbrelated":["https:\/\/tkmr723.moe\/wp-content\/uploads\/2023\/11\/51zurHd7mSL-jpg.webp",500,440,false],"meccarouselthumb":["https:\/\/tkmr723.moe\/wp-content\/uploads\/2023\/11\/51zurHd7mSL-jpg.webp",368,324,false],"gridsquare":["https:\/\/tkmr723.moe\/wp-content\/uploads\/2023\/11\/51zurHd7mSL-jpg.webp",295,260,false],"tileview":["https:\/\/tkmr723.moe\/wp-content\/uploads\/2023\/11\/51zurHd7mSL-jpg.webp",300,264,false],"1536x1536":["https:\/\/tkmr723.moe\/wp-content\/uploads\/2023\/11\/51zurHd7mSL-jpg.webp",500,440,false],"2048x2048":["https:\/\/tkmr723.moe\/wp-content\/uploads\/2023\/11\/51zurHd7mSL-jpg.webp",500,440,false],"trp-custom-language-flag":["https:\/\/tkmr723.moe\/wp-content\/uploads\/2023\/11\/51zurHd7mSL-jpg.webp",14,12,false],"vp_sm":["https:\/\/tkmr723.moe\/wp-content\/uploads\/2023\/11\/51zurHd7mSL-jpg.webp",500,440,false],"vp_md":["https:\/\/tkmr723.moe\/wp-content\/uploads\/2023\/11\/51zurHd7mSL-jpg.webp",500,440,false],"vp_lg":["https:\/\/tkmr723.moe\/wp-content\/uploads\/2023\/11\/51zurHd7mSL-jpg.webp",500,440,false],"vp_xl":["https:\/\/tkmr723.moe\/wp-content\/uploads\/2023\/11\/51zurHd7mSL-jpg.webp",500,440,false],"vp_sm_popup":["https:\/\/tkmr723.moe\/wp-content\/uploads\/2023\/11\/51zurHd7mSL-jpg.webp",500,440,false],"vp_md_popup":["https:\/\/tkmr723.moe\/wp-content\/uploads\/2023\/11\/51zurHd7mSL-jpg.webp",500,440,false],"vp_xl_popup":["https:\/\/tkmr723.moe\/wp-content\/uploads\/2023\/11\/51zurHd7mSL-jpg.webp",500,440,false]},"uagb_author_info":{"display_name":"admin","author_link":"https:\/\/tkmr723.moe\/sc\/author\/admin\/"},"uagb_comment_info":0,"uagb_excerpt":"\u5ee3\u64ad\u5287CD \u30c9\u30e9\u30deCD \u4ffa\u306e\u5f7c\u5973\u3068\u5e7c\u306a\u3058\u307f\u304c\u4fee\u7f85\u5834\u3059\u304e\u308b \u7b2c\u4e8c\u5dfb \u3010\u76ee\u9304\u7de8\u865f\u3011HBDC-097 \u3010\u767c\u552e\u65e5\u671f\u30112&hellip;","jetpack_sharing_enabled":true,"jetpack-related-posts":[{"id":906,"url":"https:\/\/tkmr723.moe\/sc\/sakurasou-drama-cd-3\/","url_meta":{"origin":873,"position":0},"title":"TV\u30a2\u30cb\u30e1\u300c \u3055\u304f\u3089\u8358\u306e\u30da\u30c3\u30c8\u306a\u5f7c\u5973\u300d \u30c9\u30e9\u30deCD \u7b2c3\u5dfb","author":"admin","date":"2023\u5e7412\u670821\u65e5","format":false,"excerpt":"\u5e7f\u64ad\u5267CD TV\u30a2\u30cb\u30e1\u300c \u3055\u304f\u3089\u8358\u306e\u30da\u30c3\u30c8\u306a\u5f7c\u5973\u300d \u30c9\u30e9\u30deCD \u7b2c3\u5dfb\u3010\u76ee\u5f55\u7f16\u53f7\u3011MFCZ-1\u2026","rel":"","context":"\u7c7b\u4f3c\u6587\u7ae0","block_context":{"text":"\u7c7b\u4f3c\u6587\u7ae0","link":""},"img":{"alt_text":"","src":"https:\/\/i0.wp.com\/tkmr723.moe\/wp-content\/uploads\/2023\/12\/%E3%81%95%E3%81%8F%E3%82%89%E8%8D%98%E3%81%AE%E3%83%9A%E3%83%83%E3%83%88%E3%81%AA%E5%BD%BC%E5%A5%B3%E3%83%89%E3%83%A9%E3%83%9ECD3.jpg?resize=350%2C200&ssl=1","width":350,"height":200},"classes":[]},{"id":1042,"url":"https:\/\/tkmr723.moe\/sc\/orenchinomeidosan-drama-cd\/","url_meta":{"origin":873,"position":1},"title":"\u4ffa\u3093\u3061\u306e\u30e1\u30a4\u30c9\u3055\u3093\u30c9\u30e9\u30deCD","author":"admin","date":"2023\u5e7412\u670811\u65e5","format":false,"excerpt":"\u5e7f\u64ad\u5267CD \u4ffa\u3093\u3061\u306e\u30e1\u30a4\u30c9\u3055\u3093\u30c9\u30e9\u30deCD \u3010\u76ee\u5f55\u7f16\u53f7\u3011BNEG-1074\u3010\u53d1\u552e\u65e5\u671f\u30112017\u5e743\u6708\u2026","rel":"","context":"\u7c7b\u4f3c\u6587\u7ae0","block_context":{"text":"\u7c7b\u4f3c\u6587\u7ae0","link":""},"img":{"alt_text":"","src":"https:\/\/i0.wp.com\/tkmr723.moe\/wp-content\/uploads\/2023\/12\/%E4%BF%BA%E3%82%93%E3%81%A1%E3%81%AE%E3%83%A1%E3%82%A4%E3%83%89%E3%81%95%E3%82%93-%E3%83%89%E3%83%A9%E3%83%9ECD.jpg?resize=350%2C200&ssl=1","width":350,"height":200},"classes":[]},{"id":899,"url":"https:\/\/tkmr723.moe\/sc\/sakurasou-drama-cd-2\/","url_meta":{"origin":873,"position":2},"title":"TV\u30a2\u30cb\u30e1\u300c \u3055\u304f\u3089\u8358\u306e\u30da\u30c3\u30c8\u306a\u5f7c\u5973\u300d \u30c9\u30e9\u30deCD \u7b2c2\u5dfb","author":"admin","date":"2023\u5e7412\u67082\u65e5","format":false,"excerpt":"\u5e7f\u64ad\u5267CD TV\u30a2\u30cb\u30e1\u300c \u3055\u304f\u3089\u8358\u306e\u30da\u30c3\u30c8\u306a\u5f7c\u5973\u300d \u30c9\u30e9\u30deCD \u7b2c2\u5dfb\u3010\u76ee\u5f55\u7f16\u53f7\u3011MFCZ-1\u2026","rel":"","context":"\u7c7b\u4f3c\u6587\u7ae0","block_context":{"text":"\u7c7b\u4f3c\u6587\u7ae0","link":""},"img":{"alt_text":"","src":"https:\/\/i0.wp.com\/tkmr723.moe\/wp-content\/uploads\/2023\/12\/TV%E3%82%A2%E3%83%8B%E3%83%A1-%E3%81%95%E3%81%8F%E3%82%89%E8%8D%98%E3%81%AE%E3%83%9A%E3%83%83%E3%83%88%E3%81%AA%E5%BD%BC%E5%A5%B3-%E3%83%89%E3%83%A9%E3%83%9ECD-%E7%AC%AC2%E5%B7%BB.jpg?resize=350%2C200&ssl=1","width":350,"height":200},"classes":[]},{"id":897,"url":"https:\/\/tkmr723.moe\/sc\/sakurasou-drama-cd-1\/","url_meta":{"origin":873,"position":3},"title":"TV\u30a2\u30cb\u30e1\u300c \u3055\u304f\u3089\u8358\u306e\u30da\u30c3\u30c8\u306a\u5f7c\u5973\u300d \u30c9\u30e9\u30deCD \u7b2c1\u5dfb","author":"admin","date":"2023\u5e7412\u670821\u65e5","format":false,"excerpt":"\u5e7f\u64ad\u5267CD TV\u30a2\u30cb\u30e1\u300c \u3055\u304f\u3089\u8358\u306e\u30da\u30c3\u30c8\u306a\u5f7c\u5973\u300d \u30c9\u30e9\u30deCD \u7b2c1\u5dfb\u3010\u76ee\u5f55\u7f16\u53f7\u3011MFCZ-1\u2026","rel":"","context":"\u7c7b\u4f3c\u6587\u7ae0","block_context":{"text":"\u7c7b\u4f3c\u6587\u7ae0","link":""},"img":{"alt_text":"","src":"https:\/\/i0.wp.com\/tkmr723.moe\/wp-content\/uploads\/2023\/12\/%E3%81%95%E3%81%8F%E3%82%89%E8%8D%98%E3%81%AE%E3%83%9A%E3%83%83%E3%83%88%E3%81%AA%E5%BD%BC%E5%A5%B3%E3%83%89%E3%83%A9%E3%83%9ECD1.jpg?resize=350%2C200&ssl=1","width":350,"height":200},"classes":[]},{"id":926,"url":"https:\/\/tkmr723.moe\/sc\/little-stories\/","url_meta":{"origin":873,"position":4},"title":"\u30c9\u30e9\u30deCD Little Stories","author":"admin","date":"2023\u5e7412\u67083\u65e5","format":false,"excerpt":"\u5e7f\u64ad\u5267CD \u30c9\u30e9\u30deCD Little Stories \u3010\u76ee\u5f55\u7f16\u53f7\u3011FFCO-0047\u3010\u53d1\u552e\u65e5\u671f\u301120\u2026","rel":"","context":"\u7c7b\u4f3c\u6587\u7ae0","block_context":{"text":"\u7c7b\u4f3c\u6587\u7ae0","link":""},"img":{"alt_text":"","src":"https:\/\/i0.wp.com\/tkmr723.moe\/wp-content\/uploads\/2023\/11\/%E3%83%AA%E3%83%88%E3%83%AB%E3%83%BB%E3%82%B9%E3%83%88%E3%83%BC%E3%83%AA%E3%83%BC%E3%82%BA-jpg.webp?resize=350%2C200","width":350,"height":200},"classes":[]},{"id":883,"url":"https:\/\/tkmr723.moe\/sc\/aka-drama-cd-1\/","url_meta":{"origin":873,"position":5},"title":"\u300c\u3042\u304b\u3084\u3042\u304b\u3057\u3084\u3042\u3084\u304b\u3057\u306e\u300d\u30a2\u30f3\u30bd\u30ed\u30b8\u30fc\u30c9\u30e9\u30deCD1","author":"admin","date":"2023\u5e7412\u670821\u65e5","format":false,"excerpt":"\u5e7f\u64ad\u5267CD \u300c\u3042\u304b\u3084\u3042\u304b\u3057\u3084\u3042\u3084\u304b\u3057\u306e\u300d\u30a2\u30f3\u30bd\u30ed\u30b8\u30fc\u30c9\u30e9\u30deCD1 \u3010\u76ee\u5f55\u7f16\u53f7\u3011FFCG-0002\u3010\u53d1\u2026","rel":"","context":"\u7c7b\u4f3c\u6587\u7ae0","block_context":{"text":"\u7c7b\u4f3c\u6587\u7ae0","link":""},"img":{"alt_text":"","src":"https:\/\/i0.wp.com\/tkmr723.moe\/wp-content\/uploads\/2023\/12\/%E3%81%82%E3%81%8B%E3%82%84%E3%81%82%E3%81%8B%E3%81%97%E3%82%84%E3%81%82%E3%82%84%E3%81%8B%E3%81%97%E3%81%AE-%E3%82%A2%E3%83%B3%E3%82%BD%E3%83%AD%E3%82%B8%E3%83%BC%E3%83%89%E3%83%A9%E3%83%9ECD1.jpg?resize=350%2C200&ssl=1","width":350,"height":200},"classes":[]}],"jetpack_shortlink":"https:\/\/wp.me\/PbfjlX-e5","_links":{"self":[{"href":"https:\/\/tkmr723.moe\/sc\/wp-json\/wp\/v2\/pages\/873","targetHints":{"allow":["GET"]}}],"collection":[{"href":"https:\/\/tkmr723.moe\/sc\/wp-json\/wp\/v2\/pages"}],"about":[{"href":"https:\/\/tkmr723.moe\/sc\/wp-json\/wp\/v2\/types\/page"}],"author":[{"embeddable":true,"href":"https:\/\/tkmr723.moe\/sc\/wp-json\/wp\/v2\/users\/1"}],"replies":[{"embeddable":true,"href":"https:\/\/tkmr723.moe\/sc\/wp-json\/wp\/v2\/comments?post=873"}],"version-history":[{"count":0,"href":"https:\/\/tkmr723.moe\/sc\/wp-json\/wp\/v2\/pages\/873\/revisions"}],"wp:featuredmedia":[{"embeddable":true,"href":"https:\/\/tkmr723.moe\/sc\/wp-json\/wp\/v2\/media\/763"}],"wp:attachment":[{"href":"https:\/\/tkmr723.moe\/sc\/wp-json\/wp\/v2\/media?parent=873"}],"curies":[{"name":"wp","href":"https:\/\/api.w.org\/{rel}","templated":true}]}}